{"id":6650,"date":"2019-10-14T13:44:50","date_gmt":"2019-10-14T11:44:50","guid":{"rendered":"http:\/\/preview.spasciani.com\/informativa-videosorveglianza\/"},"modified":"2019-10-14T13:44:50","modified_gmt":"2019-10-14T11:44:50","slug":"informativa-videosorveglianza","status":"publish","type":"page","link":"https:\/\/www.spasciani.com\/fr\/informativa-videosorveglianza\/","title":{"rendered":"Informativa Videosorveglianza"},"content":{"rendered":"<p><strong>EX ART. 13 REG. UE 2016\/679<\/strong><\/p>\n<p>Si informa il pubblico ed i terzi che la nostra societ\u00e0, a fronte di esigenze di tutela del patrimonio aziendale e salvaguardia della sicurezza di cose e persone, ha installato alcune telecamere presso gli ingressi e le uscite dello stabilimento e del magazzino aziendale di Origgio (VA), Via Saronnino n. 72.<\/p>\n<p>Il <strong>Titolare<\/strong> del trattamento in oggetto \u00e8 la Spasciani S.p.A. \u2013 P.IVA 00695840157 &#8211; con sede legale in Milano, Piazza Castello n. 9, in persona del suo legale rappresentante pro-tempore, Tel. +39 02 96 95 1801, Fax +39 02 96 73\u00a00843, Email <a href=\"mailto:info@spasciani.it\">info@spasciani.it<\/a>.<\/p>\n<p>Gli impianti sono in funzione 24 ore su 24.<\/p>\n<p>Nei pressi degli impianti sono installate le cartellonistiche previste in materia, contenenti l\u2019informativa minima di legge.<\/p>\n<p>Il trattamento dei dati personali avverr\u00e0 nel rispetto dei diritti e delle libert\u00e0 fondamentali e della dignit\u00e0 delle persone con particolare riferimento alla riservatezza, all\u2019identit\u00e0 ed alla protezione dei dati personali.<\/p>\n<p>Il trattamento dei dati \u00e8 eseguito attraverso procedure informatiche e l\u2019eventuale visualizzazione avviene solo ad opera del Titolare.<\/p>\n<p>I dati raccolti sono <strong>conservati<\/strong> per la durata massima di<strong> 36 ore (3 giorni)<\/strong>, con successiva cancellazione automatica, e non saranno diffusi, ceduti o trasmessi a soggetti terzi, salvo l\u2019utilizzo in caso di reati perpetrati ai danni della societ\u00e0; in tal caso le immagini saranno messe a disposizione dell&rsquo;Autorit\u00e0 competente.<\/p>\n<p>Le <strong>finalit\u00e0<\/strong> del trattamento sono la tutela del patrimonio aziendale e la salvaguardia della sicurezza di cose e persone.<\/p>\n<p>La <strong>base giuridica<\/strong> del trattamento di tali dati personali \u00e8 il legittimo interesse del Titolare del trattamento di veder tutelato il patrimonio aziendale e la sicurezza di cose e persone.<\/p>\n<p>Ricorrendo i presupposti dettati dal Regolamento UE 2016\/679, Voi, quali Interessati, <strong>avete diritto di<\/strong>:<\/p>\n<p>&#8211; ottenere la conferma dell\u2019esistenza di dati personali che Vi riguardano, anche se non ancora registrati, e la comunicazione in forma intelligibile dei medesimi dati e della loro origine, nonch\u00e9, delle finalit\u00e0 e delle modalit\u00e0 del trattamento e della logica applicata in caso di trattamento effettuato con strumenti elettronici;<\/p>\n<p>&#8211; ottenere la cancellazione, la trasformazione in forma anonima o il blocco dei dati di cui non \u00e8 necessaria la conservazione in relazione agli scopi per i quali i dati sono stati raccolti e trattati;<\/p>\n<p>&#8211; ottenere l\u2019aggiornamento, la rettificazione e l\u2019integrazione dei Vostri dati;<\/p>\n<p>&#8211; opporsi, in tutto o in parte, per motivi legittimi, al trattamento dei dati che Vi riguardano, ancorch\u00e9 pertinenti allo scopo della raccolta;<\/p>\n<p>&#8211; ottenere dal Titolare del trattamento &#8211; nelle ipotesi in cui la base giuridica del trattamento sia il contratto o il consenso, e lo stesso sia effettuato con mezzi automatizzati &#8211; i Vostri dati personali in un formato strutturato e leggibile da dispositivo automatico, ove tecnicamente fattibile, anche al fine di comunicare tali dati ad un altro titolare del trattamento (c.d. diritto alla portabilit\u00e0 dei dati personali);<\/p>\n<p>&#8211; revocare il consenso in qualsiasi momento, limitatamente alle ipotesi in cui il trattamento sia basato sul Vostro consenso per una o pi\u00f9 specifiche finalit\u00e0 e riguardi dati personali comuni (ad esempio data e luogo di nascita o luogo di residenza), oppure particolari categorie di dati (ad esempio dati che rivelano la Sua origine razziale, le Sue opinioni politiche, le Sue convinzioni religiose, lo stato di salute o la vita sessuale). Il trattamento basato sul consenso ed effettuato antecedentemente alla revoca dello stesso conserva, comunque, la sua liceit\u00e0;<\/p>\n<p>&#8211; proporre reclamo a un&rsquo;autorit\u00e0 di controllo (Autorit\u00e0 Garante per la protezione dei dati personali \u2013 <a href=\"http:\/\/www.garanteprivacy.it\">www.garanteprivacy.it<\/a>).<\/p>\n<p>Origgio, 08.01.2019<\/p>\n<p>Spasciani S.p.A.<\/p>\n<p>Il legale rappresentante<\/p>\n<p>&nbsp;<\/p>\n","protected":false},"excerpt":{"rendered":"<p>EX ART. 13 REG. UE 2016\/679 Si informa il pubblico ed i terzi che la nostra societ\u00e0, a fronte di esigenze di tutela del patrimonio aziendale e salvaguardia della sicurezza di cose e persone, ha installato alcune telecamere presso gli ingressi e le uscite dello stabilimento e del magazzino aziendale di Origgio (VA), Via Saronnino [&hellip;]<\/p>\n","protected":false},"author":1,"featured_media":0,"parent":0,"menu_order":0,"comment_status":"closed","ping_status":"closed","template":"","meta":{"footnotes":""},"class_list":["post-6650","page","type-page","status-publish","hentry"],"acf":[],"yoast_head":"<!-- This site is optimized with the Yoast SEO plugin v25.3.1 - https:\/\/yoast.com\/wordpress\/plugins\/seo\/ -->\n<title>Informativa Videosorveglianza - Spasciani<\/title>\n<meta name=\"robots\" content=\"index, follow, max-snippet:-1, max-image-preview:large, max-video-preview:-1\" \/>\n<link rel=\"canonical\" href=\"https:\/\/www.spasciani.com\/fr\/informativa-videosorveglianza\/\" \/>\n<meta property=\"og:locale\" content=\"fr_FR\" \/>\n<meta property=\"og:type\" content=\"article\" \/>\n<meta property=\"og:title\" content=\"Informativa Videosorveglianza - Spasciani\" \/>\n<meta property=\"og:description\" content=\"EX ART. 13 REG. UE 2016\/679 Si informa il pubblico ed i terzi che la nostra societ\u00e0, a fronte di esigenze di tutela del patrimonio aziendale e salvaguardia della sicurezza di cose e persone, ha installato alcune telecamere presso gli ingressi e le uscite dello stabilimento e del magazzino aziendale di Origgio (VA), Via Saronnino [&hellip;]\" \/>\n<meta property=\"og:url\" content=\"https:\/\/www.spasciani.com\/fr\/informativa-videosorveglianza\/\" \/>\n<meta property=\"og:site_name\" content=\"Spasciani\" \/>\n<meta property=\"og:image\" content=\"https:\/\/www.spasciani.com\/wp-content\/uploads\/2017\/06\/wip-spasciani_960x540.jpg\" \/>\n<meta name=\"twitter:card\" content=\"summary_large_image\" \/>\n<meta name=\"twitter:label1\" content=\"Dur\u00e9e de lecture estim\u00e9e\" \/>\n\t<meta name=\"twitter:data1\" content=\"3 minutes\" \/>\n<script type=\"application\/ld+json\" class=\"yoast-schema-graph\">{\"@context\":\"https:\/\/schema.org\",\"@graph\":[{\"@type\":\"WebPage\",\"@id\":\"https:\/\/www.spasciani.com\/fr\/informativa-videosorveglianza\/\",\"url\":\"https:\/\/www.spasciani.com\/fr\/informativa-videosorveglianza\/\",\"name\":\"Informativa Videosorveglianza - Spasciani\",\"isPartOf\":{\"@id\":\"https:\/\/www.spasciani.com\/fr\/#website\"},\"datePublished\":\"2019-10-14T11:44:50+00:00\",\"breadcrumb\":{\"@id\":\"https:\/\/www.spasciani.com\/fr\/informativa-videosorveglianza\/#breadcrumb\"},\"inLanguage\":\"fr-FR\",\"potentialAction\":[{\"@type\":\"ReadAction\",\"target\":[\"https:\/\/www.spasciani.com\/fr\/informativa-videosorveglianza\/\"]}]},{\"@type\":\"BreadcrumbList\",\"@id\":\"https:\/\/www.spasciani.com\/fr\/informativa-videosorveglianza\/#breadcrumb\",\"itemListElement\":[{\"@type\":\"ListItem\",\"position\":1,\"name\":\"Home\",\"item\":\"https:\/\/www.spasciani.com\/fr\/\"},{\"@type\":\"ListItem\",\"position\":2,\"name\":\"Informativa Videosorveglianza\"}]},{\"@type\":\"WebSite\",\"@id\":\"https:\/\/www.spasciani.com\/fr\/#website\",\"url\":\"https:\/\/www.spasciani.com\/fr\/\",\"name\":\"Spasciani\",\"description\":\"\",\"potentialAction\":[{\"@type\":\"SearchAction\",\"target\":{\"@type\":\"EntryPoint\",\"urlTemplate\":\"https:\/\/www.spasciani.com\/fr\/?s={search_term_string}\"},\"query-input\":{\"@type\":\"PropertyValueSpecification\",\"valueRequired\":true,\"valueName\":\"search_term_string\"}}],\"inLanguage\":\"fr-FR\"}]}<\/script>\n<!-- \/ Yoast SEO plugin. -->","yoast_head_json":{"title":"Informativa Videosorveglianza - Spasciani","robots":{"index":"index","follow":"follow","max-snippet":"max-snippet:-1","max-image-preview":"max-image-preview:large","max-video-preview":"max-video-preview:-1"},"canonical":"https:\/\/www.spasciani.com\/fr\/informativa-videosorveglianza\/","og_locale":"fr_FR","og_type":"article","og_title":"Informativa Videosorveglianza - Spasciani","og_description":"EX ART. 13 REG. UE 2016\/679 Si informa il pubblico ed i terzi che la nostra societ\u00e0, a fronte di esigenze di tutela del patrimonio aziendale e salvaguardia della sicurezza di cose e persone, ha installato alcune telecamere presso gli ingressi e le uscite dello stabilimento e del magazzino aziendale di Origgio (VA), Via Saronnino [&hellip;]","og_url":"https:\/\/www.spasciani.com\/fr\/informativa-videosorveglianza\/","og_site_name":"Spasciani","og_image":[{"url":"https:\/\/www.spasciani.com\/wp-content\/uploads\/2017\/06\/wip-spasciani_960x540.jpg","type":"","width":"","height":""}],"twitter_card":"summary_large_image","twitter_misc":{"Dur\u00e9e de lecture estim\u00e9e":"3 minutes"},"schema":{"@context":"https:\/\/schema.org","@graph":[{"@type":"WebPage","@id":"https:\/\/www.spasciani.com\/fr\/informativa-videosorveglianza\/","url":"https:\/\/www.spasciani.com\/fr\/informativa-videosorveglianza\/","name":"Informativa Videosorveglianza - Spasciani","isPartOf":{"@id":"https:\/\/www.spasciani.com\/fr\/#website"},"datePublished":"2019-10-14T11:44:50+00:00","breadcrumb":{"@id":"https:\/\/www.spasciani.com\/fr\/informativa-videosorveglianza\/#breadcrumb"},"inLanguage":"fr-FR","potentialAction":[{"@type":"ReadAction","target":["https:\/\/www.spasciani.com\/fr\/informativa-videosorveglianza\/"]}]},{"@type":"BreadcrumbList","@id":"https:\/\/www.spasciani.com\/fr\/informativa-videosorveglianza\/#breadcrumb","itemListElement":[{"@type":"ListItem","position":1,"name":"Home","item":"https:\/\/www.spasciani.com\/fr\/"},{"@type":"ListItem","position":2,"name":"Informativa Videosorveglianza"}]},{"@type":"WebSite","@id":"https:\/\/www.spasciani.com\/fr\/#website","url":"https:\/\/www.spasciani.com\/fr\/","name":"Spasciani","description":"","potentialAction":[{"@type":"SearchAction","target":{"@type":"EntryPoint","urlTemplate":"https:\/\/www.spasciani.com\/fr\/?s={search_term_string}"},"query-input":{"@type":"PropertyValueSpecification","valueRequired":true,"valueName":"search_term_string"}}],"inLanguage":"fr-FR"}]}},"_links":{"self":[{"href":"https:\/\/www.spasciani.com\/fr\/wp-json\/wp\/v2\/pages\/6650","targetHints":{"allow":["GET"]}}],"collection":[{"href":"https:\/\/www.spasciani.com\/fr\/wp-json\/wp\/v2\/pages"}],"about":[{"href":"https:\/\/www.spasciani.com\/fr\/wp-json\/wp\/v2\/types\/page"}],"author":[{"embeddable":true,"href":"https:\/\/www.spasciani.com\/fr\/wp-json\/wp\/v2\/users\/1"}],"replies":[{"embeddable":true,"href":"https:\/\/www.spasciani.com\/fr\/wp-json\/wp\/v2\/comments?post=6650"}],"version-history":[{"count":0,"href":"https:\/\/www.spasciani.com\/fr\/wp-json\/wp\/v2\/pages\/6650\/revisions"}],"wp:attachment":[{"href":"https:\/\/www.spasciani.com\/fr\/wp-json\/wp\/v2\/media?parent=6650"}],"curies":[{"name":"wp","href":"https:\/\/api.w.org\/{rel}","templated":true}]}}