{"id":6601,"date":"2019-10-08T16:53:17","date_gmt":"2019-10-08T14:53:17","guid":{"rendered":"http:\/\/preview.spasciani.com\/informativa-sul-trattamento-dei-dati-personali\/"},"modified":"2019-10-08T16:53:17","modified_gmt":"2019-10-08T14:53:17","slug":"informativa-sul-trattamento-dei-dati-personali","status":"publish","type":"page","link":"https:\/\/www.spasciani.com\/fr\/informativa-sul-trattamento-dei-dati-personali\/","title":{"rendered":"Informativa sul trattamento dei dati personali"},"content":{"rendered":"<p><strong>INFORMAZIONI SUL TRATTAMENTO DEI DATI PERSONALI<br \/>\nai sensi dell&rsquo;articolo 13 del Regolamento (UE) 2016\/679 <\/strong><strong>degli utenti che consultano il sito web della Spasciani S.p.A., che si registrano al sito, si iscrivono alla newsletter ed accedono al form contatti<\/strong><\/p>\n<p>Questa pagina contiene le informazioni sul trattamento dei dati personali degli utenti che consultano il sito web di Spasciani S.p.A., per la protezione dei dati personali ai sensi dell\u2019articolo 13 del Regolamento (UE) 2016\/679.<\/p>\n<p>In relazione ai dati da Lei trasmessi tramite la consultazione del sito https:\/\/www.spasciani.com, o conferiti nelle apposite sezioni, Le forniamo le seguenti informazioni, che precisiamo non riguardare altri siti, pagine o servizi online raggiungibili tramite link ipertestuali eventualmente pubblicati nel nostro sito ma riferiti a risorse esterne.<\/p>\n<p><strong>Titolare del trattamento<\/strong><\/p>\n<p>Il Titolare del trattamento in oggetto \u00e8 Spasciani S.p.A. &#8211; P.IVA 00695840157 &#8211; con sede legale in Milano, Piazza Castello n. 9, in persona del suo legale rappresentante pro-tempore, Tel. +39 02 96 95 1801, Fax 02.96730843, email <a href=\"mailto:info@spasciani.com\">info@spasciani.com<\/a><\/p>\n<p><strong>Dati trattati e finalit\u00e0 del trattamento<\/strong><\/p>\n<p><strong>Dati di navigazione<\/strong><\/p>\n<p>I sistemi informatici e le procedure software preposte al funzionamento del sito in consultazione acquisiscono, nel corso del loro normale esercizio, alcuni dati personali la cui trasmissione \u00e8 implicita dell\u2019uso dei protocolli di comunicazione di Internet.<\/p>\n<p>In questa categoria di dati rientrano gli indirizzi IP o i nomi a dominio dei computer e dei terminali utilizzati dagli utenti, gli indirizzi in notazione URI\/URL (Uniform Resource Identifier\/Locator) delle risorse richieste, l\u2019orario della richiesta, il metodo utilizzato nel sottoporre la richiesta al server, la dimensione del file ottenuto in risposta, il codice numerico indicante lo stato della risposta data dal server (buon fine, errore, ecc.) ed altri<\/p>\n<p>parametri relativi al sistema operativo e all\u2019ambiente informatico dell\u2019utente.<\/p>\n<p>Tali dati, necessari per la fruizione dei servizi web, vengono anche trattati allo scopo di:<\/p>\n<ul>\n<li>ottenere informazioni statistiche sull\u2019uso dei servizi (pagine pi\u00f9 visitate, numero di visitatori per fascia oraria o giornaliera, aree geografiche di provenienza, ecc.);<\/li>\n<li>controllare il corretto funzionamento dei servizi offerti;<\/li>\n<li>adempimenti legati a reati informatici.<\/li>\n<\/ul>\n<p>I dati non sono soggetti a salvataggio o conservazione.<\/p>\n<p><strong>Dati comunicati dall\u2019utente<\/strong><\/p>\n<p>Il conferimento facoltativo, esplicito e volontario di dati personali tramite i <em>form<\/em> di cui alle sezioni \u201c<em>registrati<\/em>\u201d, \u201c<em>contatti<\/em>\u201d o \u201c<em>iscriviti alla newsletter<\/em>\u201d, comportano l\u2019acquisizione dei dati c.d. comuni di contatto del mittente, ovvero <u>nome, cognome, indirizzo email<\/u>, minimamente necessari a rispondere alla richiesta ivi formulata, nonch\u00e9 di quegli ulteriori eventuali dati personali volontariamente inclusi nella comunicazione.<\/p>\n<p><strong>Cookie e altri sistemi di tracciamento<\/strong><\/p>\n<p>Su questo sito viene fatto uso di cookie di sessione (che non vengono memorizzati in modo persistente sul computer dell\u2019utente e svaniscono con la chiusura del browser) in modo strettamente limitato a quanto necessario per la navigazione sicura ed efficiente dei siti. La memorizzazione dei cookie di sessione nei terminali o nei browser \u00e8 sotto il controllo dell\u2019utente, laddove sui server, al termine delle sessioni HTTP, informazioni relative ai cookie restano registrate nei log dei servizi.<br \/>\nL\u2019utente pu\u00f2 impostare il proprio browser in modo tale da essere avvertito della presenza di cookie e decidere se accettare o meno un cookie specifico o se rifiutare automaticamente tutti i cookie. Di seguito i riferimenti per gestire l\u2019attivazione\/disattivazione dei cookie per i principali browser:<\/p>\n<ul>\n<li><strong>Google Chrome:<\/strong>\u00a0https:\/\/support.google.com\/accounts\/answer\/61416?hl=it<\/li>\n<li><strong>Mozilla Firefox:\u00a0<\/strong>https:\/\/support.mozilla.org\/it\/kb\/Attivare%20e%20disattivare%20i%20cookie<\/li>\n<li><strong>Apple Safari:<\/strong>\u00a0https:\/\/support.apple.com\/kb\/PH19214?locale=it_IT<\/li>\n<li><strong>Opera<\/strong>: http:\/\/help.opera.com\/Windows\/10.00\/it\/cookies.html<\/li>\n<li><strong>Microsoft Internet Explorer e Microsoft Edge<\/strong>:\u00a0<a href=\"https:\/\/support.microsoft.com\/it-it\/help\/17442\/windows-internet-explorer-delete-manage-cookies\">https:\/\/support.microsoft.com\/it-it\/help\/17442\/windows-internet-explorer-delete-manage-cookies<\/a>.<\/li>\n<\/ul>\n<p><strong>Cookie di terze parti e contenuto incorporato da altri siti web<\/strong><\/p>\n<p>Sul nostro sito viene fatto uso di tecnologie di terze parti che ci consentono di avere informazioni pi\u00f9 accurate riguardo le modalit\u00e0 di navigazione sulle nostre pagine e i servizi collegati.<\/p>\n<p><strong>Google Analytics<\/strong><\/p>\n<p>Tramite il servizio Google Analytics vengono raccolte informazioni in forma anonima rispetto alla sua navigazione sulle nostre pagine. Il trattamento dei dati di navigazione viene regolato dalla privacy policy di Google che pu\u00f2 consultare all\u2019indirizzo:\u00a0<a href=\"https:\/\/policies.google.com\/privacy?hl=it\">https:\/\/policies.google.com\/privacy?hl=it<\/a><\/p>\n<p><strong>Google Ads<\/strong><\/p>\n<p>Tramite il servizio Google Ads lei pu\u00f2 entrare in contatto con il nostro sito web a seguito di inserzioni sulla rete di ricerca, remarketing o altre modalit\u00e0 pubblicitarie previste dal servizio Google Ads.<br \/>\nI termini del trattamento dei dati di navigazione raccolti in seguito al rilevamento di Google Ads \u00e8 regolato dalla privacy policy del servizio stesso, consultabili all\u2019indirizzo:<br \/>\n<a href=\"https:\/\/policies.google.com\/technologies\/ads\">https:\/\/policies.google.com\/technologies\/ads<\/a><\/p>\n<p><strong>Linkedin<\/strong><br \/>\nPubblichiamo contenuti e inserzioni pubblicitarie sul sito linkedin.com, per questo alcuni cookie potrebbero essere utilizzati dalla piattaforma digitale per proporle contenuti o offerte conseguenti alla sua attivit\u00e0 di navigazione sulle nostre pagine.<br \/>\nI termini, le condizioni e la privacy policy di Linkedin possono essere consultati all\u2019indirizzo:<br \/>\n<a href=\"https:\/\/www.linkedin.com\/legal\/cookie-polic\">https:\/\/www.linkedin.com\/legal\/cookie-polic<\/a>y<\/p>\n<p><strong>YouTube<\/strong><br \/>\nPubblichiamo contenuti sotto forma di video didattici ed esplicativi che sfruttano la tecnologia del sito YouTube.com. I termini di utilizzo, le condizioni e la privacy policy di YouTube possono essere consultati all\u2019indirizzo:<br \/>\n<a href=\"https:\/\/www.youtube.com\/static?gl=IT&amp;hl=it&amp;template=terms\">https:\/\/www.youtube.com\/static?gl=IT&amp;hl=it&amp;template=terms<\/a>\u00a0e\u00a0<a href=\"https:\/\/policies.google.com\/privacy?hl=it\">https:\/\/policies.google.com\/privacy?hl=it<\/a><\/p>\n<p><strong>Le finalit\u00e0 <\/strong><\/p>\n<p>Le finalit\u00e0 dei trattamenti praticati tramite il nostro sito sono:<\/p>\n<ul>\n<li>Per il trattamento dei dati di navigazione, quella di consentire la navigazione del sito, verificarne il corretto funzionamento e la sua sicurezza; elaborare statistiche, senza che sia possibile risalire alla identit\u00e0 dell\u2019interessato.<\/li>\n<li>Per il trattamento dei dati di registrazione, consentirle di accedere a contenuti caricati sul sito, tra cui manuali, informazioni specifiche sui nostri prodotti, certificati, dichiarazioni di conformit\u00e0, etc.<\/li>\n<\/ul>\n<ul>\n<li>Per il trattamento dei dati inseriti nel form \u201ccontatti\u201d, soddisfare le richieste di specifiche informazioni da Lei avanzate sui nostri prodotti e servizi, nonch\u00e9 ogni altra eventuale richiesta.<\/li>\n<li>Per il trattamento dei dati di iscrizione alla newsletter, soddisfare la sua richiesta di ricevere emails informative relative a prodotti, servizi ed eventi della nostra Societ\u00e0.<\/li>\n<\/ul>\n<p><strong>Base giuridica <\/strong><\/p>\n<p>La base giuridica dei trattamenti praticati tramite il nostro sito \u00e8 costituita dall\u2019esecuzione di misure precontrattuali adottate a seguito di Sue espresse richieste di informazioni o di accesso a documenti inerenti i nostri prodotti e servizi, mediante lo spontaneo accesso al nostro sito e con il conferimento di Suoi dati personali nelle sezioni dedicate (ad esempio nella sezione \u201ccontatti\u201c e \u201cregistrati\u201d); successivamente alla Sua cancellazione, l\u2019eventuale ulteriore trattamento trova base giuridica nelle norme di legge e di regolamento, che impongo in capo al Titolare obblighi di natura fiscale, amministrativa e comunque connessi alle informazioni da Lei richieste o al cessato rapporto precontrattuale.<\/p>\n<p><strong>Destinatari <\/strong><\/p>\n<p>I dati personali relativi al trattamento non verranno diffusi o trasmessi a terzi, salvo:<\/p>\n<ul>\n<li>ai fornitori dei servizi di sviluppo e manutenzione del sito web;<\/li>\n<li>a collaboratori e dipendenti della Titolare del trattamento, debitamente formati come per legge, che agiscono quali incaricati del trattamento, sulla base di nostre specifiche istruzioni;<\/li>\n<li>all\u2019Autorit\u00e0 Giudiziaria, ove richiesto, per lo svolgimento di indagini e\/o per la repressione di reati.<\/li>\n<\/ul>\n<p><strong>Diritti dell\u2019interessato<\/strong><\/p>\n<p>Lei, quale interessato, ha sempre diritto di:<\/p>\n<ul>\n<li>ottenere la conferma dell\u2019esistenza di dati personali che La riguardano, anche se non ancora registrati, e la comunicazione in forma intelligibile dei medesimi dati e della loro origine, nonch\u00e9, delle finalit\u00e0 e delle modalit\u00e0 del trattamento e della logica applicata in caso di trattamento effettuato con strumenti elettronici;<\/li>\n<li>ottenere la cancellazione, la trasformazione in forma anonima o il blocco dei dati di cui non \u00e8 necessaria la conservazione in relazione agli scopi per i quali i dati sono stati raccolti e trattati;<\/li>\n<li>ottenere l\u2019aggiornamento, la rettificazione e l\u2019integrazione dei Suoi dati;<\/li>\n<li>opporsi, in tutto o in parte, per motivi legittimi, al trattamento dei dati che La riguardano, ancorch\u00e9 pertinenti allo scopo della raccolta;<\/li>\n<li>richiedere ed ottenere dal Titolare del trattamento \u2013 nelle ipotesi in cui la base giuridica del trattamento sia il contratto o il consenso, e lo stesso sia effettuato con mezzi automatizzati \u2013 i Suoi dati personali in un formato strutturato e leggibile da dispositivo automatico, anche al fine di comunicare tali dati ad un altro titolare del trattamento (c.d. diritto alla portabilit\u00e0 dei dati personali);<\/li>\n<li>revocare il consenso in qualsiasi momento, limitatamente alle ipotesi in cui il trattamento sia basato sul Suo consenso per una o pi\u00f9 specifiche finalit\u00e0 e riguardi dati personali comuni (ad esempio data e luogo di nascita o luogo di residenza), oppure particolari categorie di dati (ad esempio dati che rivelano la Sua origine razziale, le Sue opinioni politiche, le Sue convinzioni religiose, lo stato di salute o la vita sessuale). Il trattamento basato sul consenso ed effettuato antecedentemente alla revoca dello stesso conserva, comunque, la sua liceit\u00e0;<\/li>\n<li>proporre reclamo a un\u2019autorit\u00e0 di controllo (Autorit\u00e0 Garante per la protezione dei dati personali \u2013 <a href=\"http:\/\/www.garanteprivacy.it\">www.garanteprivacy.it<\/a>).<\/li>\n<\/ul>\n<p>Inoltre, in particolare, Le segnaliamo che:<\/p>\n<p>&#8211; sar\u00e0 possibile ottenere la cancellazione dall\u2019iscrizione alla nostra <strong>newsletter<\/strong> cliccando sull\u2019apposito link presente in fondo ad una delle email ricevute \u201c<em>unsubscribe<\/em>\u201d, in modo da non ricevere pi\u00f9 nostre comunicazioni informative;<\/p>\n<p>&#8211; potr\u00e0 invece cancellarsi dall\u2019iscrizione al nostro sito (effettuata dalla sezione \u201c<strong>registrati<\/strong>\u201d), inviando un\u2019email dal medesimo indirizzo utilizzato per l\u2019iscrizione, con il seguente testo: \u201c<em>cancella registrazione<\/em>\u201d.<\/p>\n<p><strong>Natura obbligatoria o facoltativa del conferimento<\/strong><\/p>\n<p>Il conferimento dei dati personali relativi ai trattamenti praticati tramite il nostro sito ha natura facoltativa e dunque l\u2019eventuale rifiuto a fornirli non comporter\u00e0 problematiche nella navigazione, ma non Le sar\u00e0 consentito di procedere con la registrazione o con la ricezione o l\u2019invio di comunicazioni o messaggi.<\/p>\n","protected":false},"excerpt":{"rendered":"<p>INFORMAZIONI SUL TRATTAMENTO DEI DATI PERSONALI ai sensi dell&rsquo;articolo 13 del Regolamento (UE) 2016\/679 degli utenti che consultano il sito web della Spasciani S.p.A., che si registrano al sito, si iscrivono alla newsletter ed accedono al form contatti Questa pagina contiene le informazioni sul trattamento dei dati personali degli utenti che consultano il sito web [&hellip;]<\/p>\n","protected":false},"author":1,"featured_media":0,"parent":0,"menu_order":0,"comment_status":"closed","ping_status":"closed","template":"","meta":{"footnotes":""},"class_list":["post-6601","page","type-page","status-publish","hentry"],"acf":[],"yoast_head":"<!-- This site is optimized with the Yoast SEO plugin v25.3.1 - https:\/\/yoast.com\/wordpress\/plugins\/seo\/ -->\n<title>Informativa sul trattamento dei dati personali - Spasciani<\/title>\n<meta name=\"robots\" content=\"index, follow, max-snippet:-1, max-image-preview:large, max-video-preview:-1\" \/>\n<link rel=\"canonical\" href=\"https:\/\/www.spasciani.com\/fr\/informativa-sul-trattamento-dei-dati-personali\/\" \/>\n<meta property=\"og:locale\" content=\"fr_FR\" \/>\n<meta property=\"og:type\" content=\"article\" \/>\n<meta property=\"og:title\" content=\"Informativa sul trattamento dei dati personali - Spasciani\" \/>\n<meta property=\"og:description\" content=\"INFORMAZIONI SUL TRATTAMENTO DEI DATI PERSONALI ai sensi dell&rsquo;articolo 13 del Regolamento (UE) 2016\/679 degli utenti che consultano il sito web della Spasciani S.p.A., che si registrano al sito, si iscrivono alla newsletter ed accedono al form contatti Questa pagina contiene le informazioni sul trattamento dei dati personali degli utenti che consultano il sito web [&hellip;]\" \/>\n<meta property=\"og:url\" content=\"https:\/\/www.spasciani.com\/fr\/informativa-sul-trattamento-dei-dati-personali\/\" \/>\n<meta property=\"og:site_name\" content=\"Spasciani\" \/>\n<meta property=\"og:image\" content=\"https:\/\/www.spasciani.com\/wp-content\/uploads\/2017\/06\/wip-spasciani_960x540.jpg\" \/>\n<meta name=\"twitter:card\" content=\"summary_large_image\" \/>\n<meta name=\"twitter:label1\" content=\"Dur\u00e9e de lecture estim\u00e9e\" \/>\n\t<meta name=\"twitter:data1\" content=\"8 minutes\" \/>\n<script type=\"application\/ld+json\" class=\"yoast-schema-graph\">{\"@context\":\"https:\/\/schema.org\",\"@graph\":[{\"@type\":\"WebPage\",\"@id\":\"https:\/\/www.spasciani.com\/fr\/informativa-sul-trattamento-dei-dati-personali\/\",\"url\":\"https:\/\/www.spasciani.com\/fr\/informativa-sul-trattamento-dei-dati-personali\/\",\"name\":\"Informativa sul trattamento dei dati personali - Spasciani\",\"isPartOf\":{\"@id\":\"https:\/\/www.spasciani.com\/fr\/#website\"},\"datePublished\":\"2019-10-08T14:53:17+00:00\",\"breadcrumb\":{\"@id\":\"https:\/\/www.spasciani.com\/fr\/informativa-sul-trattamento-dei-dati-personali\/#breadcrumb\"},\"inLanguage\":\"fr-FR\",\"potentialAction\":[{\"@type\":\"ReadAction\",\"target\":[\"https:\/\/www.spasciani.com\/fr\/informativa-sul-trattamento-dei-dati-personali\/\"]}]},{\"@type\":\"BreadcrumbList\",\"@id\":\"https:\/\/www.spasciani.com\/fr\/informativa-sul-trattamento-dei-dati-personali\/#breadcrumb\",\"itemListElement\":[{\"@type\":\"ListItem\",\"position\":1,\"name\":\"Home\",\"item\":\"https:\/\/www.spasciani.com\/fr\/\"},{\"@type\":\"ListItem\",\"position\":2,\"name\":\"Informativa sul trattamento dei dati personali\"}]},{\"@type\":\"WebSite\",\"@id\":\"https:\/\/www.spasciani.com\/fr\/#website\",\"url\":\"https:\/\/www.spasciani.com\/fr\/\",\"name\":\"Spasciani\",\"description\":\"\",\"potentialAction\":[{\"@type\":\"SearchAction\",\"target\":{\"@type\":\"EntryPoint\",\"urlTemplate\":\"https:\/\/www.spasciani.com\/fr\/?s={search_term_string}\"},\"query-input\":{\"@type\":\"PropertyValueSpecification\",\"valueRequired\":true,\"valueName\":\"search_term_string\"}}],\"inLanguage\":\"fr-FR\"}]}<\/script>\n<!-- \/ Yoast SEO plugin. -->","yoast_head_json":{"title":"Informativa sul trattamento dei dati personali - Spasciani","robots":{"index":"index","follow":"follow","max-snippet":"max-snippet:-1","max-image-preview":"max-image-preview:large","max-video-preview":"max-video-preview:-1"},"canonical":"https:\/\/www.spasciani.com\/fr\/informativa-sul-trattamento-dei-dati-personali\/","og_locale":"fr_FR","og_type":"article","og_title":"Informativa sul trattamento dei dati personali - Spasciani","og_description":"INFORMAZIONI SUL TRATTAMENTO DEI DATI PERSONALI ai sensi dell&rsquo;articolo 13 del Regolamento (UE) 2016\/679 degli utenti che consultano il sito web della Spasciani S.p.A., che si registrano al sito, si iscrivono alla newsletter ed accedono al form contatti Questa pagina contiene le informazioni sul trattamento dei dati personali degli utenti che consultano il sito web [&hellip;]","og_url":"https:\/\/www.spasciani.com\/fr\/informativa-sul-trattamento-dei-dati-personali\/","og_site_name":"Spasciani","og_image":[{"url":"https:\/\/www.spasciani.com\/wp-content\/uploads\/2017\/06\/wip-spasciani_960x540.jpg","type":"","width":"","height":""}],"twitter_card":"summary_large_image","twitter_misc":{"Dur\u00e9e de lecture estim\u00e9e":"8 minutes"},"schema":{"@context":"https:\/\/schema.org","@graph":[{"@type":"WebPage","@id":"https:\/\/www.spasciani.com\/fr\/informativa-sul-trattamento-dei-dati-personali\/","url":"https:\/\/www.spasciani.com\/fr\/informativa-sul-trattamento-dei-dati-personali\/","name":"Informativa sul trattamento dei dati personali - Spasciani","isPartOf":{"@id":"https:\/\/www.spasciani.com\/fr\/#website"},"datePublished":"2019-10-08T14:53:17+00:00","breadcrumb":{"@id":"https:\/\/www.spasciani.com\/fr\/informativa-sul-trattamento-dei-dati-personali\/#breadcrumb"},"inLanguage":"fr-FR","potentialAction":[{"@type":"ReadAction","target":["https:\/\/www.spasciani.com\/fr\/informativa-sul-trattamento-dei-dati-personali\/"]}]},{"@type":"BreadcrumbList","@id":"https:\/\/www.spasciani.com\/fr\/informativa-sul-trattamento-dei-dati-personali\/#breadcrumb","itemListElement":[{"@type":"ListItem","position":1,"name":"Home","item":"https:\/\/www.spasciani.com\/fr\/"},{"@type":"ListItem","position":2,"name":"Informativa sul trattamento dei dati personali"}]},{"@type":"WebSite","@id":"https:\/\/www.spasciani.com\/fr\/#website","url":"https:\/\/www.spasciani.com\/fr\/","name":"Spasciani","description":"","potentialAction":[{"@type":"SearchAction","target":{"@type":"EntryPoint","urlTemplate":"https:\/\/www.spasciani.com\/fr\/?s={search_term_string}"},"query-input":{"@type":"PropertyValueSpecification","valueRequired":true,"valueName":"search_term_string"}}],"inLanguage":"fr-FR"}]}},"_links":{"self":[{"href":"https:\/\/www.spasciani.com\/fr\/wp-json\/wp\/v2\/pages\/6601","targetHints":{"allow":["GET"]}}],"collection":[{"href":"https:\/\/www.spasciani.com\/fr\/wp-json\/wp\/v2\/pages"}],"about":[{"href":"https:\/\/www.spasciani.com\/fr\/wp-json\/wp\/v2\/types\/page"}],"author":[{"embeddable":true,"href":"https:\/\/www.spasciani.com\/fr\/wp-json\/wp\/v2\/users\/1"}],"replies":[{"embeddable":true,"href":"https:\/\/www.spasciani.com\/fr\/wp-json\/wp\/v2\/comments?post=6601"}],"version-history":[{"count":0,"href":"https:\/\/www.spasciani.com\/fr\/wp-json\/wp\/v2\/pages\/6601\/revisions"}],"wp:attachment":[{"href":"https:\/\/www.spasciani.com\/fr\/wp-json\/wp\/v2\/media?parent=6601"}],"curies":[{"name":"wp","href":"https:\/\/api.w.org\/{rel}","templated":true}]}}