{"id":3571,"date":"2017-06-16T11:57:44","date_gmt":"2017-06-16T09:57:44","guid":{"rendered":"http:\/\/spasciani.dev.staytonic.it\/?page_id=3571\/"},"modified":"2026-02-19T15:39:45","modified_gmt":"2026-02-19T14:39:45","slug":"guide-filtres","status":"publish","type":"page","link":"https:\/\/www.spasciani.com\/fr\/guide-filtres\/","title":{"rendered":"Guide Filtres"},"content":{"rendered":"<p>Dans le choix d\u2019un appareil filtrant, il est n\u00e9cessaire de consid\u00e9rer une s\u00e9rie de param\u00e8tres qui ne peuvent aucunement \u00eatre fix\u00e9s au hazard mais d\u00e9duits d\u2019une correcte et soigneuse analyse du risque.<br \/>\nL\u2019<b>application pr\u00e9vue<\/b>, la <b>concentration<\/b>, la<b> temp\u00e9rature<\/b>, l\u2019<b>humidit\u00e9<\/b>, le <b>seuil olfactif<\/b>, les <strong>particularit\u00e9s<\/strong>, l\u2019<strong>usager<\/strong> sont quelques un des aspects \u00e0 consid\u00e9rer pour un choix correct.<\/p>\n<h5 data-olk-copy-source=\"MessageBody\"><em>Cette base de donn\u00e9es fournit uniquement des informations non contraignantes et n\u2019a pas pour but d\u2019\u00e9valuer des cas sp\u00e9cifiques, de tirer des conclusions scientifiques ou de garantir des caract\u00e9ristiques des produits SPASCIANI. Les informations ne pr\u00e9tendent pas \u00eatre compl\u00e8tes, \u00e0 jour ou exactes et ne doivent pas servir de base \u00e0 des d\u00e9cisions impliquant des risques pour les personnes ou les biens. Les suggestions de produits constituent des recommandations g\u00e9n\u00e9rales et ne d\u00e9terminent pas leur ad\u00e9quation \u00e0 des situations individuelles.<\/em><\/h5>\n<h5><em>Ces informations visent exclusivement \u00e0 faciliter le processus de s\u00e9lection ou \u00e0 pr\u00e9parer l\u2019\u00e9change avec le service client. Selon leur cat\u00e9gorie de protection, certains produits peuvent limiter l\u2019inhalation ou l\u2019absorption de particules radioactives, mais ils ne prot\u00e8gent pas\u00a0contre les \u00e9missions radioactives ni contre les dommages caus\u00e9s par les radiations.<\/em><\/h5>\n","protected":false},"excerpt":{"rendered":"<p>Dans le choix d\u2019un appareil filtrant, il est n\u00e9cessaire de consid\u00e9rer une s\u00e9rie de param\u00e8tres qui ne peuvent aucunement \u00eatre fix\u00e9s au hazard mais d\u00e9duits d\u2019une correcte et soigneuse analyse du risque. L\u2019application pr\u00e9vue, la concentration, la temp\u00e9rature, l\u2019humidit\u00e9, le seuil olfactif, les particularit\u00e9s, l\u2019usager sont quelques un des aspects \u00e0 consid\u00e9rer pour un choix [&hellip;]<\/p>\n","protected":false},"author":15,"featured_media":0,"parent":0,"menu_order":0,"comment_status":"closed","ping_status":"closed","template":"page-filtri.php","meta":{"footnotes":""},"class_list":["post-3571","page","type-page","status-publish","hentry"],"acf":[],"yoast_head":"<!-- This site is optimized with the Yoast SEO plugin v25.3.1 - https:\/\/yoast.com\/wordpress\/plugins\/seo\/ -->\n<title>Guide Filtres - Spasciani<\/title>\n<meta name=\"robots\" content=\"index, follow, max-snippet:-1, max-image-preview:large, max-video-preview:-1\" \/>\n<link rel=\"canonical\" href=\"https:\/\/www.spasciani.com\/fr\/guide-filtres\/\" \/>\n<meta property=\"og:locale\" content=\"fr_FR\" \/>\n<meta property=\"og:type\" content=\"article\" \/>\n<meta property=\"og:title\" content=\"Guide Filtres - Spasciani\" \/>\n<meta property=\"og:description\" content=\"Dans le choix d\u2019un appareil filtrant, il est n\u00e9cessaire de consid\u00e9rer une s\u00e9rie de param\u00e8tres qui ne peuvent aucunement \u00eatre fix\u00e9s au hazard mais d\u00e9duits d\u2019une correcte et soigneuse analyse du risque. L\u2019application pr\u00e9vue, la concentration, la temp\u00e9rature, l\u2019humidit\u00e9, le seuil olfactif, les particularit\u00e9s, l\u2019usager sont quelques un des aspects \u00e0 consid\u00e9rer pour un choix [&hellip;]\" \/>\n<meta property=\"og:url\" content=\"https:\/\/www.spasciani.com\/fr\/guide-filtres\/\" \/>\n<meta property=\"og:site_name\" content=\"Spasciani\" \/>\n<meta property=\"article:modified_time\" content=\"2026-02-19T14:39:45+00:00\" \/>\n<meta property=\"og:image\" content=\"https:\/\/www.spasciani.com\/wp-content\/uploads\/2017\/06\/wip-spasciani_960x540.jpg\" \/>\n<meta name=\"twitter:card\" content=\"summary_large_image\" \/>\n<meta name=\"twitter:label1\" content=\"Dur\u00e9e de lecture estim\u00e9e\" \/>\n\t<meta name=\"twitter:data1\" content=\"2 minutes\" \/>\n<script type=\"application\/ld+json\" class=\"yoast-schema-graph\">{\"@context\":\"https:\/\/schema.org\",\"@graph\":[{\"@type\":\"WebPage\",\"@id\":\"https:\/\/www.spasciani.com\/fr\/guide-filtres\/\",\"url\":\"https:\/\/www.spasciani.com\/fr\/guide-filtres\/\",\"name\":\"Guide Filtres - Spasciani\",\"isPartOf\":{\"@id\":\"https:\/\/www.spasciani.com\/fr\/#website\"},\"datePublished\":\"2017-06-16T09:57:44+00:00\",\"dateModified\":\"2026-02-19T14:39:45+00:00\",\"breadcrumb\":{\"@id\":\"https:\/\/www.spasciani.com\/fr\/guide-filtres\/#breadcrumb\"},\"inLanguage\":\"fr-FR\",\"potentialAction\":[{\"@type\":\"ReadAction\",\"target\":[\"https:\/\/www.spasciani.com\/fr\/guide-filtres\/\"]}]},{\"@type\":\"BreadcrumbList\",\"@id\":\"https:\/\/www.spasciani.com\/fr\/guide-filtres\/#breadcrumb\",\"itemListElement\":[{\"@type\":\"ListItem\",\"position\":1,\"name\":\"Home\",\"item\":\"https:\/\/www.spasciani.com\/fr\/\"},{\"@type\":\"ListItem\",\"position\":2,\"name\":\"Guide Filtres\"}]},{\"@type\":\"WebSite\",\"@id\":\"https:\/\/www.spasciani.com\/fr\/#website\",\"url\":\"https:\/\/www.spasciani.com\/fr\/\",\"name\":\"Spasciani\",\"description\":\"\",\"potentialAction\":[{\"@type\":\"SearchAction\",\"target\":{\"@type\":\"EntryPoint\",\"urlTemplate\":\"https:\/\/www.spasciani.com\/fr\/?s={search_term_string}\"},\"query-input\":{\"@type\":\"PropertyValueSpecification\",\"valueRequired\":true,\"valueName\":\"search_term_string\"}}],\"inLanguage\":\"fr-FR\"}]}<\/script>\n<!-- \/ Yoast SEO plugin. -->","yoast_head_json":{"title":"Guide Filtres - Spasciani","robots":{"index":"index","follow":"follow","max-snippet":"max-snippet:-1","max-image-preview":"max-image-preview:large","max-video-preview":"max-video-preview:-1"},"canonical":"https:\/\/www.spasciani.com\/fr\/guide-filtres\/","og_locale":"fr_FR","og_type":"article","og_title":"Guide Filtres - Spasciani","og_description":"Dans le choix d\u2019un appareil filtrant, il est n\u00e9cessaire de consid\u00e9rer une s\u00e9rie de param\u00e8tres qui ne peuvent aucunement \u00eatre fix\u00e9s au hazard mais d\u00e9duits d\u2019une correcte et soigneuse analyse du risque. L\u2019application pr\u00e9vue, la concentration, la temp\u00e9rature, l\u2019humidit\u00e9, le seuil olfactif, les particularit\u00e9s, l\u2019usager sont quelques un des aspects \u00e0 consid\u00e9rer pour un choix [&hellip;]","og_url":"https:\/\/www.spasciani.com\/fr\/guide-filtres\/","og_site_name":"Spasciani","article_modified_time":"2026-02-19T14:39:45+00:00","og_image":[{"url":"https:\/\/www.spasciani.com\/wp-content\/uploads\/2017\/06\/wip-spasciani_960x540.jpg","type":"","width":"","height":""}],"twitter_card":"summary_large_image","twitter_misc":{"Dur\u00e9e de lecture estim\u00e9e":"2 minutes"},"schema":{"@context":"https:\/\/schema.org","@graph":[{"@type":"WebPage","@id":"https:\/\/www.spasciani.com\/fr\/guide-filtres\/","url":"https:\/\/www.spasciani.com\/fr\/guide-filtres\/","name":"Guide Filtres - Spasciani","isPartOf":{"@id":"https:\/\/www.spasciani.com\/fr\/#website"},"datePublished":"2017-06-16T09:57:44+00:00","dateModified":"2026-02-19T14:39:45+00:00","breadcrumb":{"@id":"https:\/\/www.spasciani.com\/fr\/guide-filtres\/#breadcrumb"},"inLanguage":"fr-FR","potentialAction":[{"@type":"ReadAction","target":["https:\/\/www.spasciani.com\/fr\/guide-filtres\/"]}]},{"@type":"BreadcrumbList","@id":"https:\/\/www.spasciani.com\/fr\/guide-filtres\/#breadcrumb","itemListElement":[{"@type":"ListItem","position":1,"name":"Home","item":"https:\/\/www.spasciani.com\/fr\/"},{"@type":"ListItem","position":2,"name":"Guide Filtres"}]},{"@type":"WebSite","@id":"https:\/\/www.spasciani.com\/fr\/#website","url":"https:\/\/www.spasciani.com\/fr\/","name":"Spasciani","description":"","potentialAction":[{"@type":"SearchAction","target":{"@type":"EntryPoint","urlTemplate":"https:\/\/www.spasciani.com\/fr\/?s={search_term_string}"},"query-input":{"@type":"PropertyValueSpecification","valueRequired":true,"valueName":"search_term_string"}}],"inLanguage":"fr-FR"}]}},"_links":{"self":[{"href":"https:\/\/www.spasciani.com\/fr\/wp-json\/wp\/v2\/pages\/3571","targetHints":{"allow":["GET"]}}],"collection":[{"href":"https:\/\/www.spasciani.com\/fr\/wp-json\/wp\/v2\/pages"}],"about":[{"href":"https:\/\/www.spasciani.com\/fr\/wp-json\/wp\/v2\/types\/page"}],"author":[{"embeddable":true,"href":"https:\/\/www.spasciani.com\/fr\/wp-json\/wp\/v2\/users\/15"}],"replies":[{"embeddable":true,"href":"https:\/\/www.spasciani.com\/fr\/wp-json\/wp\/v2\/comments?post=3571"}],"version-history":[{"count":5,"href":"https:\/\/www.spasciani.com\/fr\/wp-json\/wp\/v2\/pages\/3571\/revisions"}],"predecessor-version":[{"id":28830,"href":"https:\/\/www.spasciani.com\/fr\/wp-json\/wp\/v2\/pages\/3571\/revisions\/28830"}],"wp:attachment":[{"href":"https:\/\/www.spasciani.com\/fr\/wp-json\/wp\/v2\/media?parent=3571"}],"curies":[{"name":"wp","href":"https:\/\/api.w.org\/{rel}","templated":true}]}}