{"id":3530,"date":"2017-06-16T11:04:44","date_gmt":"2017-06-16T09:04:44","guid":{"rendered":"http:\/\/spasciani.dev.staytonic.it\/?page_id=3530\/"},"modified":"2020-04-03T09:19:21","modified_gmt":"2020-04-03T07:19:21","slug":"produits","status":"publish","type":"page","link":"https:\/\/www.spasciani.com\/fr\/produits\/","title":{"rendered":"Produits"},"content":{"rendered":"<p>SPASCIANI couvre l\u2019ensemble du march\u00e9 des dispositifs de protection des voies respiratoires avec ses dispositifs de filtrants et d\u2019isolants.<\/p>\n<p>Les filtrants sont des dispositifs utilis\u00e9s dans des environnements avec des valeurs sup\u00e9rieur \u00e0 17% d\u2019oxyg\u00e8ne dans l\u2019air.<\/p>\n<p>Les isolants sont des dispositifs ind\u00e9pendants de l\u2019atmosph\u00e8re environnante utilis\u00e9e au cas o\u00f9 il ne suffirait pas \u00e0 purifier l\u2019air pr\u00e9sent dans l\u2019environnement par filtration.<\/p>\n<p>SPASCIANI GROUP offre \u00e9galement des dispositifs de protection individuels sur le march\u00e9 ; Plus pr\u00e9cis\u00e9ment, il produit et distribue une ligne d\u2019appareils auditifs, de lunettes techniques et de casques de protection oculaire.<\/p>\n","protected":false},"excerpt":{"rendered":"<p>SPASCIANI couvre l\u2019ensemble du march\u00e9 des dispositifs de protection des voies respiratoires avec ses dispositifs de filtrants et d\u2019isolants. Les filtrants sont des dispositifs utilis\u00e9s dans des environnements avec des valeurs sup\u00e9rieur \u00e0 17% d\u2019oxyg\u00e8ne dans l\u2019air. Les isolants sont des dispositifs ind\u00e9pendants de l\u2019atmosph\u00e8re environnante utilis\u00e9e au cas o\u00f9 il ne suffirait pas \u00e0 [&hellip;]<\/p>\n","protected":false},"author":15,"featured_media":0,"parent":0,"menu_order":0,"comment_status":"closed","ping_status":"closed","template":"page-prodotti.php","meta":{"footnotes":""},"class_list":["post-3530","page","type-page","status-publish","hentry"],"acf":[],"yoast_head":"<!-- This site is optimized with the Yoast SEO plugin v25.3.1 - https:\/\/yoast.com\/wordpress\/plugins\/seo\/ -->\n<title>Produits - Spasciani<\/title>\n<meta name=\"robots\" content=\"index, follow, max-snippet:-1, max-image-preview:large, max-video-preview:-1\" \/>\n<link rel=\"canonical\" href=\"https:\/\/www.spasciani.com\/fr\/produits\/\" \/>\n<meta property=\"og:locale\" content=\"fr_FR\" \/>\n<meta property=\"og:type\" content=\"article\" \/>\n<meta property=\"og:title\" content=\"Produits - Spasciani\" \/>\n<meta property=\"og:description\" content=\"SPASCIANI couvre l\u2019ensemble du march\u00e9 des dispositifs de protection des voies respiratoires avec ses dispositifs de filtrants et d\u2019isolants. Les filtrants sont des dispositifs utilis\u00e9s dans des environnements avec des valeurs sup\u00e9rieur \u00e0 17% d\u2019oxyg\u00e8ne dans l\u2019air. Les isolants sont des dispositifs ind\u00e9pendants de l\u2019atmosph\u00e8re environnante utilis\u00e9e au cas o\u00f9 il ne suffirait pas \u00e0 [&hellip;]\" \/>\n<meta property=\"og:url\" content=\"https:\/\/www.spasciani.com\/fr\/produits\/\" \/>\n<meta property=\"og:site_name\" content=\"Spasciani\" \/>\n<meta property=\"article:modified_time\" content=\"2020-04-03T07:19:21+00:00\" \/>\n<meta property=\"og:image\" content=\"https:\/\/www.spasciani.com\/wp-content\/uploads\/2017\/06\/wip-spasciani_960x540.jpg\" \/>\n<meta name=\"twitter:card\" content=\"summary_large_image\" \/>\n<meta name=\"twitter:label1\" content=\"Dur\u00e9e de lecture estim\u00e9e\" \/>\n\t<meta name=\"twitter:data1\" content=\"1 minute\" \/>\n<script type=\"application\/ld+json\" class=\"yoast-schema-graph\">{\"@context\":\"https:\/\/schema.org\",\"@graph\":[{\"@type\":\"WebPage\",\"@id\":\"https:\/\/www.spasciani.com\/fr\/produits\/\",\"url\":\"https:\/\/www.spasciani.com\/fr\/produits\/\",\"name\":\"Produits - Spasciani\",\"isPartOf\":{\"@id\":\"https:\/\/www.spasciani.com\/fr\/#website\"},\"datePublished\":\"2017-06-16T09:04:44+00:00\",\"dateModified\":\"2020-04-03T07:19:21+00:00\",\"breadcrumb\":{\"@id\":\"https:\/\/www.spasciani.com\/fr\/produits\/#breadcrumb\"},\"inLanguage\":\"fr-FR\",\"potentialAction\":[{\"@type\":\"ReadAction\",\"target\":[\"https:\/\/www.spasciani.com\/fr\/produits\/\"]}]},{\"@type\":\"BreadcrumbList\",\"@id\":\"https:\/\/www.spasciani.com\/fr\/produits\/#breadcrumb\",\"itemListElement\":[{\"@type\":\"ListItem\",\"position\":1,\"name\":\"Home\",\"item\":\"https:\/\/www.spasciani.com\/fr\/\"},{\"@type\":\"ListItem\",\"position\":2,\"name\":\"Produits\"}]},{\"@type\":\"WebSite\",\"@id\":\"https:\/\/www.spasciani.com\/fr\/#website\",\"url\":\"https:\/\/www.spasciani.com\/fr\/\",\"name\":\"Spasciani\",\"description\":\"\",\"potentialAction\":[{\"@type\":\"SearchAction\",\"target\":{\"@type\":\"EntryPoint\",\"urlTemplate\":\"https:\/\/www.spasciani.com\/fr\/?s={search_term_string}\"},\"query-input\":{\"@type\":\"PropertyValueSpecification\",\"valueRequired\":true,\"valueName\":\"search_term_string\"}}],\"inLanguage\":\"fr-FR\"}]}<\/script>\n<!-- \/ Yoast SEO plugin. -->","yoast_head_json":{"title":"Produits - Spasciani","robots":{"index":"index","follow":"follow","max-snippet":"max-snippet:-1","max-image-preview":"max-image-preview:large","max-video-preview":"max-video-preview:-1"},"canonical":"https:\/\/www.spasciani.com\/fr\/produits\/","og_locale":"fr_FR","og_type":"article","og_title":"Produits - Spasciani","og_description":"SPASCIANI couvre l\u2019ensemble du march\u00e9 des dispositifs de protection des voies respiratoires avec ses dispositifs de filtrants et d\u2019isolants. Les filtrants sont des dispositifs utilis\u00e9s dans des environnements avec des valeurs sup\u00e9rieur \u00e0 17% d\u2019oxyg\u00e8ne dans l\u2019air. Les isolants sont des dispositifs ind\u00e9pendants de l\u2019atmosph\u00e8re environnante utilis\u00e9e au cas o\u00f9 il ne suffirait pas \u00e0 [&hellip;]","og_url":"https:\/\/www.spasciani.com\/fr\/produits\/","og_site_name":"Spasciani","article_modified_time":"2020-04-03T07:19:21+00:00","og_image":[{"url":"https:\/\/www.spasciani.com\/wp-content\/uploads\/2017\/06\/wip-spasciani_960x540.jpg","type":"","width":"","height":""}],"twitter_card":"summary_large_image","twitter_misc":{"Dur\u00e9e de lecture estim\u00e9e":"1 minute"},"schema":{"@context":"https:\/\/schema.org","@graph":[{"@type":"WebPage","@id":"https:\/\/www.spasciani.com\/fr\/produits\/","url":"https:\/\/www.spasciani.com\/fr\/produits\/","name":"Produits - Spasciani","isPartOf":{"@id":"https:\/\/www.spasciani.com\/fr\/#website"},"datePublished":"2017-06-16T09:04:44+00:00","dateModified":"2020-04-03T07:19:21+00:00","breadcrumb":{"@id":"https:\/\/www.spasciani.com\/fr\/produits\/#breadcrumb"},"inLanguage":"fr-FR","potentialAction":[{"@type":"ReadAction","target":["https:\/\/www.spasciani.com\/fr\/produits\/"]}]},{"@type":"BreadcrumbList","@id":"https:\/\/www.spasciani.com\/fr\/produits\/#breadcrumb","itemListElement":[{"@type":"ListItem","position":1,"name":"Home","item":"https:\/\/www.spasciani.com\/fr\/"},{"@type":"ListItem","position":2,"name":"Produits"}]},{"@type":"WebSite","@id":"https:\/\/www.spasciani.com\/fr\/#website","url":"https:\/\/www.spasciani.com\/fr\/","name":"Spasciani","description":"","potentialAction":[{"@type":"SearchAction","target":{"@type":"EntryPoint","urlTemplate":"https:\/\/www.spasciani.com\/fr\/?s={search_term_string}"},"query-input":{"@type":"PropertyValueSpecification","valueRequired":true,"valueName":"search_term_string"}}],"inLanguage":"fr-FR"}]}},"_links":{"self":[{"href":"https:\/\/www.spasciani.com\/fr\/wp-json\/wp\/v2\/pages\/3530","targetHints":{"allow":["GET"]}}],"collection":[{"href":"https:\/\/www.spasciani.com\/fr\/wp-json\/wp\/v2\/pages"}],"about":[{"href":"https:\/\/www.spasciani.com\/fr\/wp-json\/wp\/v2\/types\/page"}],"author":[{"embeddable":true,"href":"https:\/\/www.spasciani.com\/fr\/wp-json\/wp\/v2\/users\/15"}],"replies":[{"embeddable":true,"href":"https:\/\/www.spasciani.com\/fr\/wp-json\/wp\/v2\/comments?post=3530"}],"version-history":[{"count":2,"href":"https:\/\/www.spasciani.com\/fr\/wp-json\/wp\/v2\/pages\/3530\/revisions"}],"predecessor-version":[{"id":12195,"href":"https:\/\/www.spasciani.com\/fr\/wp-json\/wp\/v2\/pages\/3530\/revisions\/12195"}],"wp:attachment":[{"href":"https:\/\/www.spasciani.com\/fr\/wp-json\/wp\/v2\/media?parent=3530"}],"curies":[{"name":"wp","href":"https:\/\/api.w.org\/{rel}","templated":true}]}}