{"id":2839,"date":"2017-06-13T12:56:14","date_gmt":"2017-06-13T10:56:14","guid":{"rendered":"http:\/\/spasciani.dev.staytonic.it\/centri-assistenza\/"},"modified":"2022-09-22T12:28:49","modified_gmt":"2022-09-22T10:28:49","slug":"centres-de-service","status":"publish","type":"page","link":"https:\/\/www.spasciani.com\/fr\/centres-de-service\/","title":{"rendered":"CENTRES DE SERVICE"},"content":{"rendered":"<p>Une liste d\u00e9taill\u00e9e de toutes nos stations de service sur le territoire national et international pour faciliter la recherche en cas de n\u00e9cessit\u00e9.<\/p>\n<p>Trouver la station la plus proche de chez vous.<\/p>\n","protected":false},"excerpt":{"rendered":"<p>Une liste d\u00e9taill\u00e9e de toutes nos stations de service sur le territoire national et international pour faciliter la recherche en cas de n\u00e9cessit\u00e9. Trouver la station la plus proche de chez vous.<\/p>\n","protected":false},"author":1,"featured_media":0,"parent":0,"menu_order":0,"comment_status":"closed","ping_status":"closed","template":"page-centri.php","meta":{"footnotes":""},"class_list":["post-2839","page","type-page","status-publish","hentry"],"acf":[],"yoast_head":"<!-- This site is optimized with the Yoast SEO plugin v25.3.1 - https:\/\/yoast.com\/wordpress\/plugins\/seo\/ -->\n<title>CENTRES DE SERVICE - Spasciani<\/title>\n<meta name=\"robots\" content=\"index, follow, max-snippet:-1, max-image-preview:large, max-video-preview:-1\" \/>\n<link rel=\"canonical\" href=\"https:\/\/www.spasciani.com\/fr\/centres-de-service\/\" \/>\n<meta property=\"og:locale\" content=\"fr_FR\" \/>\n<meta property=\"og:type\" content=\"article\" \/>\n<meta property=\"og:title\" content=\"CENTRES DE SERVICE - Spasciani\" \/>\n<meta property=\"og:description\" content=\"Une liste d\u00e9taill\u00e9e de toutes nos stations de service sur le territoire national et international pour faciliter la recherche en cas de n\u00e9cessit\u00e9. Trouver la station la plus proche de chez vous.\" \/>\n<meta property=\"og:url\" content=\"https:\/\/www.spasciani.com\/fr\/centres-de-service\/\" \/>\n<meta property=\"og:site_name\" content=\"Spasciani\" \/>\n<meta property=\"article:modified_time\" content=\"2022-09-22T10:28:49+00:00\" \/>\n<meta property=\"og:image\" content=\"https:\/\/www.spasciani.com\/wp-content\/uploads\/2017\/06\/wip-spasciani_960x540.jpg\" \/>\n<meta name=\"twitter:card\" content=\"summary_large_image\" \/>\n<script type=\"application\/ld+json\" class=\"yoast-schema-graph\">{\"@context\":\"https:\/\/schema.org\",\"@graph\":[{\"@type\":\"WebPage\",\"@id\":\"https:\/\/www.spasciani.com\/fr\/centres-de-service\/\",\"url\":\"https:\/\/www.spasciani.com\/fr\/centres-de-service\/\",\"name\":\"CENTRES DE SERVICE - Spasciani\",\"isPartOf\":{\"@id\":\"https:\/\/www.spasciani.com\/fr\/#website\"},\"datePublished\":\"2017-06-13T10:56:14+00:00\",\"dateModified\":\"2022-09-22T10:28:49+00:00\",\"breadcrumb\":{\"@id\":\"https:\/\/www.spasciani.com\/fr\/centres-de-service\/#breadcrumb\"},\"inLanguage\":\"fr-FR\",\"potentialAction\":[{\"@type\":\"ReadAction\",\"target\":[\"https:\/\/www.spasciani.com\/fr\/centres-de-service\/\"]}]},{\"@type\":\"BreadcrumbList\",\"@id\":\"https:\/\/www.spasciani.com\/fr\/centres-de-service\/#breadcrumb\",\"itemListElement\":[{\"@type\":\"ListItem\",\"position\":1,\"name\":\"Home\",\"item\":\"https:\/\/www.spasciani.com\/fr\/\"},{\"@type\":\"ListItem\",\"position\":2,\"name\":\"CENTRES DE SERVICE\"}]},{\"@type\":\"WebSite\",\"@id\":\"https:\/\/www.spasciani.com\/fr\/#website\",\"url\":\"https:\/\/www.spasciani.com\/fr\/\",\"name\":\"Spasciani\",\"description\":\"\",\"potentialAction\":[{\"@type\":\"SearchAction\",\"target\":{\"@type\":\"EntryPoint\",\"urlTemplate\":\"https:\/\/www.spasciani.com\/fr\/?s={search_term_string}\"},\"query-input\":{\"@type\":\"PropertyValueSpecification\",\"valueRequired\":true,\"valueName\":\"search_term_string\"}}],\"inLanguage\":\"fr-FR\"}]}<\/script>\n<!-- \/ Yoast SEO plugin. -->","yoast_head_json":{"title":"CENTRES DE SERVICE - Spasciani","robots":{"index":"index","follow":"follow","max-snippet":"max-snippet:-1","max-image-preview":"max-image-preview:large","max-video-preview":"max-video-preview:-1"},"canonical":"https:\/\/www.spasciani.com\/fr\/centres-de-service\/","og_locale":"fr_FR","og_type":"article","og_title":"CENTRES DE SERVICE - Spasciani","og_description":"Une liste d\u00e9taill\u00e9e de toutes nos stations de service sur le territoire national et international pour faciliter la recherche en cas de n\u00e9cessit\u00e9. Trouver la station la plus proche de chez vous.","og_url":"https:\/\/www.spasciani.com\/fr\/centres-de-service\/","og_site_name":"Spasciani","article_modified_time":"2022-09-22T10:28:49+00:00","og_image":[{"url":"https:\/\/www.spasciani.com\/wp-content\/uploads\/2017\/06\/wip-spasciani_960x540.jpg","type":"","width":"","height":""}],"twitter_card":"summary_large_image","schema":{"@context":"https:\/\/schema.org","@graph":[{"@type":"WebPage","@id":"https:\/\/www.spasciani.com\/fr\/centres-de-service\/","url":"https:\/\/www.spasciani.com\/fr\/centres-de-service\/","name":"CENTRES DE SERVICE - Spasciani","isPartOf":{"@id":"https:\/\/www.spasciani.com\/fr\/#website"},"datePublished":"2017-06-13T10:56:14+00:00","dateModified":"2022-09-22T10:28:49+00:00","breadcrumb":{"@id":"https:\/\/www.spasciani.com\/fr\/centres-de-service\/#breadcrumb"},"inLanguage":"fr-FR","potentialAction":[{"@type":"ReadAction","target":["https:\/\/www.spasciani.com\/fr\/centres-de-service\/"]}]},{"@type":"BreadcrumbList","@id":"https:\/\/www.spasciani.com\/fr\/centres-de-service\/#breadcrumb","itemListElement":[{"@type":"ListItem","position":1,"name":"Home","item":"https:\/\/www.spasciani.com\/fr\/"},{"@type":"ListItem","position":2,"name":"CENTRES DE SERVICE"}]},{"@type":"WebSite","@id":"https:\/\/www.spasciani.com\/fr\/#website","url":"https:\/\/www.spasciani.com\/fr\/","name":"Spasciani","description":"","potentialAction":[{"@type":"SearchAction","target":{"@type":"EntryPoint","urlTemplate":"https:\/\/www.spasciani.com\/fr\/?s={search_term_string}"},"query-input":{"@type":"PropertyValueSpecification","valueRequired":true,"valueName":"search_term_string"}}],"inLanguage":"fr-FR"}]}},"_links":{"self":[{"href":"https:\/\/www.spasciani.com\/fr\/wp-json\/wp\/v2\/pages\/2839","targetHints":{"allow":["GET"]}}],"collection":[{"href":"https:\/\/www.spasciani.com\/fr\/wp-json\/wp\/v2\/pages"}],"about":[{"href":"https:\/\/www.spasciani.com\/fr\/wp-json\/wp\/v2\/types\/page"}],"author":[{"embeddable":true,"href":"https:\/\/www.spasciani.com\/fr\/wp-json\/wp\/v2\/users\/1"}],"replies":[{"embeddable":true,"href":"https:\/\/www.spasciani.com\/fr\/wp-json\/wp\/v2\/comments?post=2839"}],"version-history":[{"count":4,"href":"https:\/\/www.spasciani.com\/fr\/wp-json\/wp\/v2\/pages\/2839\/revisions"}],"predecessor-version":[{"id":19658,"href":"https:\/\/www.spasciani.com\/fr\/wp-json\/wp\/v2\/pages\/2839\/revisions\/19658"}],"wp:attachment":[{"href":"https:\/\/www.spasciani.com\/fr\/wp-json\/wp\/v2\/media?parent=2839"}],"curies":[{"name":"wp","href":"https:\/\/api.w.org\/{rel}","templated":true}]}}