{"id":2574,"date":"2017-05-19T14:22:09","date_gmt":"2017-05-19T12:22:09","guid":{"rendered":"http:\/\/spasciani.dev.staytonic.it\/azienda\/"},"modified":"2025-06-16T16:37:25","modified_gmt":"2025-06-16T14:37:25","slug":"societe","status":"publish","type":"page","link":"https:\/\/www.spasciani.com\/fr\/societe\/","title":{"rendered":"Societ\u00e9"},"content":{"rendered":"<p class=\"p1\">SPASCIANI propose sur le march\u00e9 non seulement une large gamme de produits con\u00e7us et fabriqu\u00e9s pour la protection des voies respiratoires et, plus g\u00e9n\u00e9ralement, de la personne, mais aussi de nombreux services et activit\u00e9s de soutien adapt\u00e9s aux besoins individuels.<\/p>\n","protected":false},"excerpt":{"rendered":"<p>SPASCIANI propose sur le march\u00e9 non seulement une large gamme de produits con\u00e7us et fabriqu\u00e9s pour la protection des voies respiratoires et, plus g\u00e9n\u00e9ralement, de la personne, mais aussi de nombreux services et activit\u00e9s de soutien adapt\u00e9s aux besoins individuels.<\/p>\n","protected":false},"author":1,"featured_media":0,"parent":0,"menu_order":0,"comment_status":"closed","ping_status":"closed","template":"page-azienda.php","meta":{"footnotes":""},"class_list":["post-2574","page","type-page","status-publish","hentry"],"acf":[],"yoast_head":"<!-- This site is optimized with the Yoast SEO plugin v25.3.1 - https:\/\/yoast.com\/wordpress\/plugins\/seo\/ -->\n<title>Societ\u00e9 - Spasciani<\/title>\n<meta name=\"robots\" content=\"index, follow, max-snippet:-1, max-image-preview:large, max-video-preview:-1\" \/>\n<link rel=\"canonical\" href=\"https:\/\/www.spasciani.com\/fr\/societe\/\" \/>\n<meta property=\"og:locale\" content=\"fr_FR\" \/>\n<meta property=\"og:type\" content=\"article\" \/>\n<meta property=\"og:title\" content=\"Societ\u00e9 - Spasciani\" \/>\n<meta property=\"og:description\" content=\"SPASCIANI propose sur le march\u00e9 non seulement une large gamme de produits con\u00e7us et fabriqu\u00e9s pour la protection des voies respiratoires et, plus g\u00e9n\u00e9ralement, de la personne, mais aussi de nombreux services et activit\u00e9s de soutien adapt\u00e9s aux besoins individuels.\" \/>\n<meta property=\"og:url\" content=\"https:\/\/www.spasciani.com\/fr\/societe\/\" \/>\n<meta property=\"og:site_name\" content=\"Spasciani\" \/>\n<meta property=\"article:modified_time\" content=\"2025-06-16T14:37:25+00:00\" \/>\n<meta property=\"og:image\" content=\"https:\/\/www.spasciani.com\/wp-content\/uploads\/2017\/06\/wip-spasciani_960x540.jpg\" \/>\n<meta name=\"twitter:card\" content=\"summary_large_image\" \/>\n<meta name=\"twitter:label1\" content=\"Dur\u00e9e de lecture estim\u00e9e\" \/>\n\t<meta name=\"twitter:data1\" content=\"1 minute\" \/>\n<script type=\"application\/ld+json\" class=\"yoast-schema-graph\">{\"@context\":\"https:\/\/schema.org\",\"@graph\":[{\"@type\":\"WebPage\",\"@id\":\"https:\/\/www.spasciani.com\/fr\/societe\/\",\"url\":\"https:\/\/www.spasciani.com\/fr\/societe\/\",\"name\":\"Societ\u00e9 - Spasciani\",\"isPartOf\":{\"@id\":\"https:\/\/www.spasciani.com\/fr\/#website\"},\"datePublished\":\"2017-05-19T12:22:09+00:00\",\"dateModified\":\"2025-06-16T14:37:25+00:00\",\"breadcrumb\":{\"@id\":\"https:\/\/www.spasciani.com\/fr\/societe\/#breadcrumb\"},\"inLanguage\":\"fr-FR\",\"potentialAction\":[{\"@type\":\"ReadAction\",\"target\":[\"https:\/\/www.spasciani.com\/fr\/societe\/\"]}]},{\"@type\":\"BreadcrumbList\",\"@id\":\"https:\/\/www.spasciani.com\/fr\/societe\/#breadcrumb\",\"itemListElement\":[{\"@type\":\"ListItem\",\"position\":1,\"name\":\"Home\",\"item\":\"https:\/\/www.spasciani.com\/fr\/\"},{\"@type\":\"ListItem\",\"position\":2,\"name\":\"Societ\u00e9\"}]},{\"@type\":\"WebSite\",\"@id\":\"https:\/\/www.spasciani.com\/fr\/#website\",\"url\":\"https:\/\/www.spasciani.com\/fr\/\",\"name\":\"Spasciani\",\"description\":\"\",\"potentialAction\":[{\"@type\":\"SearchAction\",\"target\":{\"@type\":\"EntryPoint\",\"urlTemplate\":\"https:\/\/www.spasciani.com\/fr\/?s={search_term_string}\"},\"query-input\":{\"@type\":\"PropertyValueSpecification\",\"valueRequired\":true,\"valueName\":\"search_term_string\"}}],\"inLanguage\":\"fr-FR\"}]}<\/script>\n<!-- \/ Yoast SEO plugin. -->","yoast_head_json":{"title":"Societ\u00e9 - Spasciani","robots":{"index":"index","follow":"follow","max-snippet":"max-snippet:-1","max-image-preview":"max-image-preview:large","max-video-preview":"max-video-preview:-1"},"canonical":"https:\/\/www.spasciani.com\/fr\/societe\/","og_locale":"fr_FR","og_type":"article","og_title":"Societ\u00e9 - Spasciani","og_description":"SPASCIANI propose sur le march\u00e9 non seulement une large gamme de produits con\u00e7us et fabriqu\u00e9s pour la protection des voies respiratoires et, plus g\u00e9n\u00e9ralement, de la personne, mais aussi de nombreux services et activit\u00e9s de soutien adapt\u00e9s aux besoins individuels.","og_url":"https:\/\/www.spasciani.com\/fr\/societe\/","og_site_name":"Spasciani","article_modified_time":"2025-06-16T14:37:25+00:00","og_image":[{"url":"https:\/\/www.spasciani.com\/wp-content\/uploads\/2017\/06\/wip-spasciani_960x540.jpg","type":"","width":"","height":""}],"twitter_card":"summary_large_image","twitter_misc":{"Dur\u00e9e de lecture estim\u00e9e":"1 minute"},"schema":{"@context":"https:\/\/schema.org","@graph":[{"@type":"WebPage","@id":"https:\/\/www.spasciani.com\/fr\/societe\/","url":"https:\/\/www.spasciani.com\/fr\/societe\/","name":"Societ\u00e9 - Spasciani","isPartOf":{"@id":"https:\/\/www.spasciani.com\/fr\/#website"},"datePublished":"2017-05-19T12:22:09+00:00","dateModified":"2025-06-16T14:37:25+00:00","breadcrumb":{"@id":"https:\/\/www.spasciani.com\/fr\/societe\/#breadcrumb"},"inLanguage":"fr-FR","potentialAction":[{"@type":"ReadAction","target":["https:\/\/www.spasciani.com\/fr\/societe\/"]}]},{"@type":"BreadcrumbList","@id":"https:\/\/www.spasciani.com\/fr\/societe\/#breadcrumb","itemListElement":[{"@type":"ListItem","position":1,"name":"Home","item":"https:\/\/www.spasciani.com\/fr\/"},{"@type":"ListItem","position":2,"name":"Societ\u00e9"}]},{"@type":"WebSite","@id":"https:\/\/www.spasciani.com\/fr\/#website","url":"https:\/\/www.spasciani.com\/fr\/","name":"Spasciani","description":"","potentialAction":[{"@type":"SearchAction","target":{"@type":"EntryPoint","urlTemplate":"https:\/\/www.spasciani.com\/fr\/?s={search_term_string}"},"query-input":{"@type":"PropertyValueSpecification","valueRequired":true,"valueName":"search_term_string"}}],"inLanguage":"fr-FR"}]}},"_links":{"self":[{"href":"https:\/\/www.spasciani.com\/fr\/wp-json\/wp\/v2\/pages\/2574","targetHints":{"allow":["GET"]}}],"collection":[{"href":"https:\/\/www.spasciani.com\/fr\/wp-json\/wp\/v2\/pages"}],"about":[{"href":"https:\/\/www.spasciani.com\/fr\/wp-json\/wp\/v2\/types\/page"}],"author":[{"embeddable":true,"href":"https:\/\/www.spasciani.com\/fr\/wp-json\/wp\/v2\/users\/1"}],"replies":[{"embeddable":true,"href":"https:\/\/www.spasciani.com\/fr\/wp-json\/wp\/v2\/comments?post=2574"}],"version-history":[{"count":67,"href":"https:\/\/www.spasciani.com\/fr\/wp-json\/wp\/v2\/pages\/2574\/revisions"}],"predecessor-version":[{"id":27998,"href":"https:\/\/www.spasciani.com\/fr\/wp-json\/wp\/v2\/pages\/2574\/revisions\/27998"}],"wp:attachment":[{"href":"https:\/\/www.spasciani.com\/fr\/wp-json\/wp\/v2\/media?parent=2574"}],"curies":[{"name":"wp","href":"https:\/\/api.w.org\/{rel}","templated":true}]}}