{"id":3575,"date":"2017-05-30T12:19:38","date_gmt":"2017-05-30T10:19:38","guid":{"rendered":"http:\/\/spasciani.dev.staytonic.it\/download\/"},"modified":"2017-06-23T11:13:20","modified_gmt":"2017-06-23T09:13:20","slug":"download-page","status":"publish","type":"page","link":"https:\/\/www.spasciani.com\/es\/download-page\/","title":{"rendered":"Download"},"content":{"rendered":"<p>Visualiza los documentos que hemos puesto a disposici\u00f3n para su descarga, y inscrita en el inicio de sesi\u00f3n para poder descargar todo el equipo t\u00e9cnico que necesita.<\/p>\n","protected":false},"excerpt":{"rendered":"<p>Visualiza los documentos que hemos puesto a disposici\u00f3n para su descarga, y inscrita en el inicio de sesi\u00f3n para poder descargar todo el equipo t\u00e9cnico que necesita.<\/p>\n","protected":false},"author":1,"featured_media":0,"parent":0,"menu_order":0,"comment_status":"closed","ping_status":"closed","template":"page-download.php","meta":{"footnotes":""},"class_list":["post-3575","page","type-page","status-publish","hentry"],"acf":[],"yoast_head":"<!-- This site is optimized with the Yoast SEO plugin v25.3.1 - https:\/\/yoast.com\/wordpress\/plugins\/seo\/ -->\n<title>Download - Spasciani<\/title>\n<meta name=\"robots\" content=\"index, follow, max-snippet:-1, max-image-preview:large, max-video-preview:-1\" \/>\n<link rel=\"canonical\" href=\"https:\/\/www.spasciani.com\/es\/download-page\/\" \/>\n<meta property=\"og:locale\" content=\"es_ES\" \/>\n<meta property=\"og:type\" content=\"article\" \/>\n<meta property=\"og:title\" content=\"Download - Spasciani\" \/>\n<meta property=\"og:description\" content=\"Visualiza los documentos que hemos puesto a disposici\u00f3n para su descarga, y inscrita en el inicio de sesi\u00f3n para poder descargar todo el equipo t\u00e9cnico que necesita.\" \/>\n<meta property=\"og:url\" content=\"https:\/\/www.spasciani.com\/es\/download-page\/\" \/>\n<meta property=\"og:site_name\" content=\"Spasciani\" \/>\n<meta property=\"article:modified_time\" content=\"2017-06-23T09:13:20+00:00\" \/>\n<meta property=\"og:image\" content=\"https:\/\/www.spasciani.com\/wp-content\/uploads\/2017\/06\/wip-spasciani_960x540.jpg\" \/>\n<meta name=\"twitter:card\" content=\"summary_large_image\" \/>\n<script type=\"application\/ld+json\" class=\"yoast-schema-graph\">{\"@context\":\"https:\/\/schema.org\",\"@graph\":[{\"@type\":\"WebPage\",\"@id\":\"https:\/\/www.spasciani.com\/es\/download-page\/\",\"url\":\"https:\/\/www.spasciani.com\/es\/download-page\/\",\"name\":\"Download - Spasciani\",\"isPartOf\":{\"@id\":\"https:\/\/www.spasciani.com\/es\/#website\"},\"datePublished\":\"2017-05-30T10:19:38+00:00\",\"dateModified\":\"2017-06-23T09:13:20+00:00\",\"breadcrumb\":{\"@id\":\"https:\/\/www.spasciani.com\/es\/download-page\/#breadcrumb\"},\"inLanguage\":\"es\",\"potentialAction\":[{\"@type\":\"ReadAction\",\"target\":[\"https:\/\/www.spasciani.com\/es\/download-page\/\"]}]},{\"@type\":\"BreadcrumbList\",\"@id\":\"https:\/\/www.spasciani.com\/es\/download-page\/#breadcrumb\",\"itemListElement\":[{\"@type\":\"ListItem\",\"position\":1,\"name\":\"Home\",\"item\":\"https:\/\/www.spasciani.com\/es\/\"},{\"@type\":\"ListItem\",\"position\":2,\"name\":\"Download\"}]},{\"@type\":\"WebSite\",\"@id\":\"https:\/\/www.spasciani.com\/es\/#website\",\"url\":\"https:\/\/www.spasciani.com\/es\/\",\"name\":\"Spasciani\",\"description\":\"\",\"potentialAction\":[{\"@type\":\"SearchAction\",\"target\":{\"@type\":\"EntryPoint\",\"urlTemplate\":\"https:\/\/www.spasciani.com\/es\/?s={search_term_string}\"},\"query-input\":{\"@type\":\"PropertyValueSpecification\",\"valueRequired\":true,\"valueName\":\"search_term_string\"}}],\"inLanguage\":\"es\"}]}<\/script>\n<!-- \/ Yoast SEO plugin. -->","yoast_head_json":{"title":"Download - Spasciani","robots":{"index":"index","follow":"follow","max-snippet":"max-snippet:-1","max-image-preview":"max-image-preview:large","max-video-preview":"max-video-preview:-1"},"canonical":"https:\/\/www.spasciani.com\/es\/download-page\/","og_locale":"es_ES","og_type":"article","og_title":"Download - Spasciani","og_description":"Visualiza los documentos que hemos puesto a disposici\u00f3n para su descarga, y inscrita en el inicio de sesi\u00f3n para poder descargar todo el equipo t\u00e9cnico que necesita.","og_url":"https:\/\/www.spasciani.com\/es\/download-page\/","og_site_name":"Spasciani","article_modified_time":"2017-06-23T09:13:20+00:00","og_image":[{"url":"https:\/\/www.spasciani.com\/wp-content\/uploads\/2017\/06\/wip-spasciani_960x540.jpg","type":"","width":"","height":""}],"twitter_card":"summary_large_image","schema":{"@context":"https:\/\/schema.org","@graph":[{"@type":"WebPage","@id":"https:\/\/www.spasciani.com\/es\/download-page\/","url":"https:\/\/www.spasciani.com\/es\/download-page\/","name":"Download - Spasciani","isPartOf":{"@id":"https:\/\/www.spasciani.com\/es\/#website"},"datePublished":"2017-05-30T10:19:38+00:00","dateModified":"2017-06-23T09:13:20+00:00","breadcrumb":{"@id":"https:\/\/www.spasciani.com\/es\/download-page\/#breadcrumb"},"inLanguage":"es","potentialAction":[{"@type":"ReadAction","target":["https:\/\/www.spasciani.com\/es\/download-page\/"]}]},{"@type":"BreadcrumbList","@id":"https:\/\/www.spasciani.com\/es\/download-page\/#breadcrumb","itemListElement":[{"@type":"ListItem","position":1,"name":"Home","item":"https:\/\/www.spasciani.com\/es\/"},{"@type":"ListItem","position":2,"name":"Download"}]},{"@type":"WebSite","@id":"https:\/\/www.spasciani.com\/es\/#website","url":"https:\/\/www.spasciani.com\/es\/","name":"Spasciani","description":"","potentialAction":[{"@type":"SearchAction","target":{"@type":"EntryPoint","urlTemplate":"https:\/\/www.spasciani.com\/es\/?s={search_term_string}"},"query-input":{"@type":"PropertyValueSpecification","valueRequired":true,"valueName":"search_term_string"}}],"inLanguage":"es"}]}},"_links":{"self":[{"href":"https:\/\/www.spasciani.com\/es\/wp-json\/wp\/v2\/pages\/3575","targetHints":{"allow":["GET"]}}],"collection":[{"href":"https:\/\/www.spasciani.com\/es\/wp-json\/wp\/v2\/pages"}],"about":[{"href":"https:\/\/www.spasciani.com\/es\/wp-json\/wp\/v2\/types\/page"}],"author":[{"embeddable":true,"href":"https:\/\/www.spasciani.com\/es\/wp-json\/wp\/v2\/users\/1"}],"replies":[{"embeddable":true,"href":"https:\/\/www.spasciani.com\/es\/wp-json\/wp\/v2\/comments?post=3575"}],"version-history":[{"count":2,"href":"https:\/\/www.spasciani.com\/es\/wp-json\/wp\/v2\/pages\/3575\/revisions"}],"predecessor-version":[{"id":4158,"href":"https:\/\/www.spasciani.com\/es\/wp-json\/wp\/v2\/pages\/3575\/revisions\/4158"}],"wp:attachment":[{"href":"https:\/\/www.spasciani.com\/es\/wp-json\/wp\/v2\/media?parent=3575"}],"curies":[{"name":"wp","href":"https:\/\/api.w.org\/{rel}","templated":true}]}}