{"id":3532,"date":"2017-06-16T11:06:13","date_gmt":"2017-06-16T09:06:13","guid":{"rendered":"http:\/\/spasciani.dev.staytonic.it\/?page_id=3532\/"},"modified":"2020-04-03T09:40:56","modified_gmt":"2020-04-03T07:40:56","slug":"productos","status":"publish","type":"page","link":"https:\/\/www.spasciani.com\/es\/productos\/","title":{"rendered":"Productos"},"content":{"rendered":"<p>SPASCIANI cubre con sus dispositivos de filtrado y aislamiento todo el mercado de RPD.<\/p>\n<p>Los dispositivos de filtrado se utilizan en entornos con&gt; 17% de ox\u00edgeno.<\/p>\n<p>Independientemente de la atm\u00f3sfera circundante, los dispositivos de aislamiento se utilizan si la filtraci\u00f3n no es posible.<\/p>\n<p>Adem\u00e1s, el Grupo ofrece equipos de protecci\u00f3n personal; produce y distribuye espec\u00edficamente una l\u00ednea de dispositivos de protecci\u00f3n auditiva, gafas t\u00e9cnicas y visores para la protecci\u00f3n ocular.<\/p>\n","protected":false},"excerpt":{"rendered":"<p>SPASCIANI cubre con sus dispositivos de filtrado y aislamiento todo el mercado de RPD. Los dispositivos de filtrado se utilizan en entornos con&gt; 17% de ox\u00edgeno. Independientemente de la atm\u00f3sfera circundante, los dispositivos de aislamiento se utilizan si la filtraci\u00f3n no es posible. Adem\u00e1s, el Grupo ofrece equipos de protecci\u00f3n personal; produce y distribuye espec\u00edficamente [&hellip;]<\/p>\n","protected":false},"author":15,"featured_media":0,"parent":0,"menu_order":0,"comment_status":"closed","ping_status":"closed","template":"page-prodotti.php","meta":{"footnotes":""},"class_list":["post-3532","page","type-page","status-publish","hentry"],"acf":[],"yoast_head":"<!-- This site is optimized with the Yoast SEO plugin v25.3.1 - https:\/\/yoast.com\/wordpress\/plugins\/seo\/ -->\n<title>Productos - Spasciani<\/title>\n<meta name=\"robots\" content=\"index, follow, max-snippet:-1, max-image-preview:large, max-video-preview:-1\" \/>\n<link rel=\"canonical\" href=\"https:\/\/www.spasciani.com\/es\/productos\/\" \/>\n<meta property=\"og:locale\" content=\"es_ES\" \/>\n<meta property=\"og:type\" content=\"article\" \/>\n<meta property=\"og:title\" content=\"Productos - Spasciani\" \/>\n<meta property=\"og:description\" content=\"SPASCIANI cubre con sus dispositivos de filtrado y aislamiento todo el mercado de RPD. Los dispositivos de filtrado se utilizan en entornos con&gt; 17% de ox\u00edgeno. Independientemente de la atm\u00f3sfera circundante, los dispositivos de aislamiento se utilizan si la filtraci\u00f3n no es posible. Adem\u00e1s, el Grupo ofrece equipos de protecci\u00f3n personal; produce y distribuye espec\u00edficamente [&hellip;]\" \/>\n<meta property=\"og:url\" content=\"https:\/\/www.spasciani.com\/es\/productos\/\" \/>\n<meta property=\"og:site_name\" content=\"Spasciani\" \/>\n<meta property=\"article:modified_time\" content=\"2020-04-03T07:40:56+00:00\" \/>\n<meta property=\"og:image\" content=\"https:\/\/www.spasciani.com\/wp-content\/uploads\/2017\/06\/wip-spasciani_960x540.jpg\" \/>\n<meta name=\"twitter:card\" content=\"summary_large_image\" \/>\n<script type=\"application\/ld+json\" class=\"yoast-schema-graph\">{\"@context\":\"https:\/\/schema.org\",\"@graph\":[{\"@type\":\"WebPage\",\"@id\":\"https:\/\/www.spasciani.com\/es\/productos\/\",\"url\":\"https:\/\/www.spasciani.com\/es\/productos\/\",\"name\":\"Productos - Spasciani\",\"isPartOf\":{\"@id\":\"https:\/\/www.spasciani.com\/es\/#website\"},\"datePublished\":\"2017-06-16T09:06:13+00:00\",\"dateModified\":\"2020-04-03T07:40:56+00:00\",\"breadcrumb\":{\"@id\":\"https:\/\/www.spasciani.com\/es\/productos\/#breadcrumb\"},\"inLanguage\":\"es\",\"potentialAction\":[{\"@type\":\"ReadAction\",\"target\":[\"https:\/\/www.spasciani.com\/es\/productos\/\"]}]},{\"@type\":\"BreadcrumbList\",\"@id\":\"https:\/\/www.spasciani.com\/es\/productos\/#breadcrumb\",\"itemListElement\":[{\"@type\":\"ListItem\",\"position\":1,\"name\":\"Home\",\"item\":\"https:\/\/www.spasciani.com\/es\/\"},{\"@type\":\"ListItem\",\"position\":2,\"name\":\"Productos\"}]},{\"@type\":\"WebSite\",\"@id\":\"https:\/\/www.spasciani.com\/es\/#website\",\"url\":\"https:\/\/www.spasciani.com\/es\/\",\"name\":\"Spasciani\",\"description\":\"\",\"potentialAction\":[{\"@type\":\"SearchAction\",\"target\":{\"@type\":\"EntryPoint\",\"urlTemplate\":\"https:\/\/www.spasciani.com\/es\/?s={search_term_string}\"},\"query-input\":{\"@type\":\"PropertyValueSpecification\",\"valueRequired\":true,\"valueName\":\"search_term_string\"}}],\"inLanguage\":\"es\"}]}<\/script>\n<!-- \/ Yoast SEO plugin. -->","yoast_head_json":{"title":"Productos - Spasciani","robots":{"index":"index","follow":"follow","max-snippet":"max-snippet:-1","max-image-preview":"max-image-preview:large","max-video-preview":"max-video-preview:-1"},"canonical":"https:\/\/www.spasciani.com\/es\/productos\/","og_locale":"es_ES","og_type":"article","og_title":"Productos - Spasciani","og_description":"SPASCIANI cubre con sus dispositivos de filtrado y aislamiento todo el mercado de RPD. Los dispositivos de filtrado se utilizan en entornos con&gt; 17% de ox\u00edgeno. Independientemente de la atm\u00f3sfera circundante, los dispositivos de aislamiento se utilizan si la filtraci\u00f3n no es posible. Adem\u00e1s, el Grupo ofrece equipos de protecci\u00f3n personal; produce y distribuye espec\u00edficamente [&hellip;]","og_url":"https:\/\/www.spasciani.com\/es\/productos\/","og_site_name":"Spasciani","article_modified_time":"2020-04-03T07:40:56+00:00","og_image":[{"url":"https:\/\/www.spasciani.com\/wp-content\/uploads\/2017\/06\/wip-spasciani_960x540.jpg","type":"","width":"","height":""}],"twitter_card":"summary_large_image","schema":{"@context":"https:\/\/schema.org","@graph":[{"@type":"WebPage","@id":"https:\/\/www.spasciani.com\/es\/productos\/","url":"https:\/\/www.spasciani.com\/es\/productos\/","name":"Productos - Spasciani","isPartOf":{"@id":"https:\/\/www.spasciani.com\/es\/#website"},"datePublished":"2017-06-16T09:06:13+00:00","dateModified":"2020-04-03T07:40:56+00:00","breadcrumb":{"@id":"https:\/\/www.spasciani.com\/es\/productos\/#breadcrumb"},"inLanguage":"es","potentialAction":[{"@type":"ReadAction","target":["https:\/\/www.spasciani.com\/es\/productos\/"]}]},{"@type":"BreadcrumbList","@id":"https:\/\/www.spasciani.com\/es\/productos\/#breadcrumb","itemListElement":[{"@type":"ListItem","position":1,"name":"Home","item":"https:\/\/www.spasciani.com\/es\/"},{"@type":"ListItem","position":2,"name":"Productos"}]},{"@type":"WebSite","@id":"https:\/\/www.spasciani.com\/es\/#website","url":"https:\/\/www.spasciani.com\/es\/","name":"Spasciani","description":"","potentialAction":[{"@type":"SearchAction","target":{"@type":"EntryPoint","urlTemplate":"https:\/\/www.spasciani.com\/es\/?s={search_term_string}"},"query-input":{"@type":"PropertyValueSpecification","valueRequired":true,"valueName":"search_term_string"}}],"inLanguage":"es"}]}},"_links":{"self":[{"href":"https:\/\/www.spasciani.com\/es\/wp-json\/wp\/v2\/pages\/3532","targetHints":{"allow":["GET"]}}],"collection":[{"href":"https:\/\/www.spasciani.com\/es\/wp-json\/wp\/v2\/pages"}],"about":[{"href":"https:\/\/www.spasciani.com\/es\/wp-json\/wp\/v2\/types\/page"}],"author":[{"embeddable":true,"href":"https:\/\/www.spasciani.com\/es\/wp-json\/wp\/v2\/users\/15"}],"replies":[{"embeddable":true,"href":"https:\/\/www.spasciani.com\/es\/wp-json\/wp\/v2\/comments?post=3532"}],"version-history":[{"count":4,"href":"https:\/\/www.spasciani.com\/es\/wp-json\/wp\/v2\/pages\/3532\/revisions"}],"predecessor-version":[{"id":12215,"href":"https:\/\/www.spasciani.com\/es\/wp-json\/wp\/v2\/pages\/3532\/revisions\/12215"}],"wp:attachment":[{"href":"https:\/\/www.spasciani.com\/es\/wp-json\/wp\/v2\/media?parent=3532"}],"curies":[{"name":"wp","href":"https:\/\/api.w.org\/{rel}","templated":true}]}}