{"id":2575,"date":"2017-05-19T14:22:09","date_gmt":"2017-05-19T12:22:09","guid":{"rendered":"http:\/\/spasciani.dev.staytonic.it\/azienda\/"},"modified":"2025-06-16T16:37:44","modified_gmt":"2025-06-16T14:37:44","slug":"empresa","status":"publish","type":"page","link":"https:\/\/www.spasciani.com\/es\/empresa\/","title":{"rendered":"Empresa"},"content":{"rendered":"<p class=\"p1\">SPASCIANI ofrece no s\u00f3lo una amplia gama de productos dise\u00f1ados y fabricados para la protecci\u00f3n del tracto respiratorio y, m\u00e1s habitualmente, para la persona completa, sino tambi\u00e9n una variedad de servicios y actividades de apoyo para cada necesidad.<\/p>\n","protected":false},"excerpt":{"rendered":"<p>SPASCIANI ofrece no s\u00f3lo una amplia gama de productos dise\u00f1ados y fabricados para la protecci\u00f3n del tracto respiratorio y, m\u00e1s habitualmente, para la persona completa, sino tambi\u00e9n una variedad de servicios y actividades de apoyo para cada necesidad.<\/p>\n","protected":false},"author":1,"featured_media":0,"parent":0,"menu_order":0,"comment_status":"closed","ping_status":"closed","template":"page-azienda.php","meta":{"footnotes":""},"class_list":["post-2575","page","type-page","status-publish","hentry"],"acf":[],"yoast_head":"<!-- This site is optimized with the Yoast SEO plugin v25.3.1 - https:\/\/yoast.com\/wordpress\/plugins\/seo\/ -->\n<title>Empresa - Spasciani<\/title>\n<meta name=\"robots\" content=\"index, follow, max-snippet:-1, max-image-preview:large, max-video-preview:-1\" \/>\n<link rel=\"canonical\" href=\"https:\/\/www.spasciani.com\/es\/empresa\/\" \/>\n<meta property=\"og:locale\" content=\"es_ES\" \/>\n<meta property=\"og:type\" content=\"article\" \/>\n<meta property=\"og:title\" content=\"Empresa - Spasciani\" \/>\n<meta property=\"og:description\" content=\"SPASCIANI ofrece no s\u00f3lo una amplia gama de productos dise\u00f1ados y fabricados para la protecci\u00f3n del tracto respiratorio y, m\u00e1s habitualmente, para la persona completa, sino tambi\u00e9n una variedad de servicios y actividades de apoyo para cada necesidad.\" \/>\n<meta property=\"og:url\" content=\"https:\/\/www.spasciani.com\/es\/empresa\/\" \/>\n<meta property=\"og:site_name\" content=\"Spasciani\" \/>\n<meta property=\"article:modified_time\" content=\"2025-06-16T14:37:44+00:00\" \/>\n<meta property=\"og:image\" content=\"https:\/\/www.spasciani.com\/wp-content\/uploads\/2017\/06\/wip-spasciani_960x540.jpg\" \/>\n<meta name=\"twitter:card\" content=\"summary_large_image\" \/>\n<meta name=\"twitter:label1\" content=\"Tiempo de lectura\" \/>\n\t<meta name=\"twitter:data1\" content=\"1 minuto\" \/>\n<script type=\"application\/ld+json\" class=\"yoast-schema-graph\">{\"@context\":\"https:\/\/schema.org\",\"@graph\":[{\"@type\":\"WebPage\",\"@id\":\"https:\/\/www.spasciani.com\/es\/empresa\/\",\"url\":\"https:\/\/www.spasciani.com\/es\/empresa\/\",\"name\":\"Empresa - Spasciani\",\"isPartOf\":{\"@id\":\"https:\/\/www.spasciani.com\/es\/#website\"},\"datePublished\":\"2017-05-19T12:22:09+00:00\",\"dateModified\":\"2025-06-16T14:37:44+00:00\",\"breadcrumb\":{\"@id\":\"https:\/\/www.spasciani.com\/es\/empresa\/#breadcrumb\"},\"inLanguage\":\"es\",\"potentialAction\":[{\"@type\":\"ReadAction\",\"target\":[\"https:\/\/www.spasciani.com\/es\/empresa\/\"]}]},{\"@type\":\"BreadcrumbList\",\"@id\":\"https:\/\/www.spasciani.com\/es\/empresa\/#breadcrumb\",\"itemListElement\":[{\"@type\":\"ListItem\",\"position\":1,\"name\":\"Home\",\"item\":\"https:\/\/www.spasciani.com\/es\/\"},{\"@type\":\"ListItem\",\"position\":2,\"name\":\"Empresa\"}]},{\"@type\":\"WebSite\",\"@id\":\"https:\/\/www.spasciani.com\/es\/#website\",\"url\":\"https:\/\/www.spasciani.com\/es\/\",\"name\":\"Spasciani\",\"description\":\"\",\"potentialAction\":[{\"@type\":\"SearchAction\",\"target\":{\"@type\":\"EntryPoint\",\"urlTemplate\":\"https:\/\/www.spasciani.com\/es\/?s={search_term_string}\"},\"query-input\":{\"@type\":\"PropertyValueSpecification\",\"valueRequired\":true,\"valueName\":\"search_term_string\"}}],\"inLanguage\":\"es\"}]}<\/script>\n<!-- \/ Yoast SEO plugin. -->","yoast_head_json":{"title":"Empresa - Spasciani","robots":{"index":"index","follow":"follow","max-snippet":"max-snippet:-1","max-image-preview":"max-image-preview:large","max-video-preview":"max-video-preview:-1"},"canonical":"https:\/\/www.spasciani.com\/es\/empresa\/","og_locale":"es_ES","og_type":"article","og_title":"Empresa - Spasciani","og_description":"SPASCIANI ofrece no s\u00f3lo una amplia gama de productos dise\u00f1ados y fabricados para la protecci\u00f3n del tracto respiratorio y, m\u00e1s habitualmente, para la persona completa, sino tambi\u00e9n una variedad de servicios y actividades de apoyo para cada necesidad.","og_url":"https:\/\/www.spasciani.com\/es\/empresa\/","og_site_name":"Spasciani","article_modified_time":"2025-06-16T14:37:44+00:00","og_image":[{"url":"https:\/\/www.spasciani.com\/wp-content\/uploads\/2017\/06\/wip-spasciani_960x540.jpg","type":"","width":"","height":""}],"twitter_card":"summary_large_image","twitter_misc":{"Tiempo de lectura":"1 minuto"},"schema":{"@context":"https:\/\/schema.org","@graph":[{"@type":"WebPage","@id":"https:\/\/www.spasciani.com\/es\/empresa\/","url":"https:\/\/www.spasciani.com\/es\/empresa\/","name":"Empresa - Spasciani","isPartOf":{"@id":"https:\/\/www.spasciani.com\/es\/#website"},"datePublished":"2017-05-19T12:22:09+00:00","dateModified":"2025-06-16T14:37:44+00:00","breadcrumb":{"@id":"https:\/\/www.spasciani.com\/es\/empresa\/#breadcrumb"},"inLanguage":"es","potentialAction":[{"@type":"ReadAction","target":["https:\/\/www.spasciani.com\/es\/empresa\/"]}]},{"@type":"BreadcrumbList","@id":"https:\/\/www.spasciani.com\/es\/empresa\/#breadcrumb","itemListElement":[{"@type":"ListItem","position":1,"name":"Home","item":"https:\/\/www.spasciani.com\/es\/"},{"@type":"ListItem","position":2,"name":"Empresa"}]},{"@type":"WebSite","@id":"https:\/\/www.spasciani.com\/es\/#website","url":"https:\/\/www.spasciani.com\/es\/","name":"Spasciani","description":"","potentialAction":[{"@type":"SearchAction","target":{"@type":"EntryPoint","urlTemplate":"https:\/\/www.spasciani.com\/es\/?s={search_term_string}"},"query-input":{"@type":"PropertyValueSpecification","valueRequired":true,"valueName":"search_term_string"}}],"inLanguage":"es"}]}},"_links":{"self":[{"href":"https:\/\/www.spasciani.com\/es\/wp-json\/wp\/v2\/pages\/2575","targetHints":{"allow":["GET"]}}],"collection":[{"href":"https:\/\/www.spasciani.com\/es\/wp-json\/wp\/v2\/pages"}],"about":[{"href":"https:\/\/www.spasciani.com\/es\/wp-json\/wp\/v2\/types\/page"}],"author":[{"embeddable":true,"href":"https:\/\/www.spasciani.com\/es\/wp-json\/wp\/v2\/users\/1"}],"replies":[{"embeddable":true,"href":"https:\/\/www.spasciani.com\/es\/wp-json\/wp\/v2\/comments?post=2575"}],"version-history":[{"count":70,"href":"https:\/\/www.spasciani.com\/es\/wp-json\/wp\/v2\/pages\/2575\/revisions"}],"predecessor-version":[{"id":27999,"href":"https:\/\/www.spasciani.com\/es\/wp-json\/wp\/v2\/pages\/2575\/revisions\/27999"}],"wp:attachment":[{"href":"https:\/\/www.spasciani.com\/es\/wp-json\/wp\/v2\/media?parent=2575"}],"curies":[{"name":"wp","href":"https:\/\/api.w.org\/{rel}","templated":true}]}}